{"id":1005,"date":"2020-06-11T17:37:31","date_gmt":"2020-06-11T15:37:31","guid":{"rendered":"http:\/\/fsk.archidiecezja.wroc.pl\/?page_id=1005"},"modified":"2021-01-27T00:28:37","modified_gmt":"2021-01-26T23:28:37","slug":"5-nad-zalew-15-godz-4-km-170-m-w-gore-kanonik","status":"publish","type":"page","link":"http:\/\/formacja.archidiecezja.wroc.pl\/?page_id=1005","title":{"rendered":"5. ZALEW: nad Zalew Sulistrowicki, 1,5 godz., 4 km, 170 m w g\u00f3r\u0119, kanonik;"},"content":{"rendered":" \r\n<p><strong>LINK do nawigacji:<\/strong> <strong><a href=\"https:\/\/mapy.cz\/s\/gugehedone\" target=\"_blank\" rel=\"noopener\">https:\/\/mapy.cz\/s\/gugehedone<\/a><\/strong><\/p>\r\n\r\n\r\n\r\n<p>Spokojny spacer pomi\u0119dzy Sulistrowiczkami a Sulistrowicami z wizyt\u0105 nad Zalewem Sulistrowickim, kt\u00f3ry w letnie miesi\u0105ce przyci\u0105ga mi\u0142o\u015bnik\u00f3w wypoczynku nad wod\u0105. Trasa w wi\u0119kszo\u015bci asfaltowa, z lekkimi podej\u015bciami. Po wyj\u015bciu za bram\u0119 DFS nale\u017cy skr\u0119ci\u0107 w lewo i po ok. 300 m marszu poboczem g\u0142\u00f3wnej drogi skr\u0119ci\u0107 w prawo pod g\u00f3r\u0119 przy krzy\u017cu. Po chwili zobaczymy restauracj\u0119 Zielone Wzg\u00f3rze, przed kt\u00f3r\u0105 odbijamy na lewo, mijaj\u0105c wkr\u00f3tce zako\u0144czenie rowerowej trasy zjazdowej Suliwoods. Po przej\u015bciu kilometra dotrzemy do skrzy\u017cowania z drog\u0105, kt\u00f3r\u0105 wiedzie czerwony szlak \u2013 skr\u0119camy tu w lewo, w d\u00f3\u0142, trzymaj\u0105c si\u0119 odt\u0105d szlaku. Po kilku minutach po lewej stronie widzimy ju\u017c zalew \u2013 mo\u017cna zatrzyma\u0107 si\u0119 tu na odpoczynek, korzystaj\u0105c z dost\u0119pnej infrastruktury (otoczenie zbiornika by\u0142o w ostatnich latach odnawiane). Ten sztuczny zbiornik powsta\u0142 przez zagrodzenie Sulistrowickiego Potoku \u2013 tego samego, kt\u00f3ry przep\u0142ywa przez Park Wenecja i kt\u00f3rego wody zasila te\u017c strumyk p\u0142yn\u0105cy obok DFS. Czerwony szlak prowadzi przez zapor\u0119 i dochodzi do g\u0142\u00f3wnej drogi, kt\u00f3r\u0105 wkr\u00f3tce opuszcza, skr\u0119caj\u0105c w prawo pod g\u00f3r\u0119. Po 200 m i mini\u0119ciu ostatnich zabudowa\u0144 dochodzimy do skrzy\u017cowania, na kt\u00f3rym opuszczamy czerwone znaki \u2013 nale\u017cy skr\u0119ci\u0107 w lewo w szerok\u0105 poprzeczn\u0105 drog\u0119 le\u015bn\u0105. Lekko podchodz\u0105c, pokonujemy p\u00f3\u0142 kilometra, po czym skr\u0119camy w lewo w niewielk\u0105 \u015bcie\u017ck\u0119 wiod\u0105c\u0105 w d\u00f3\u0142 \u2013 po lewej r\u0119ce powinni\u015bmy mie\u0107 \u0142\u0105k\u0119, a po prawej \u015bcian\u0119 lasu. Po przej\u015bciu 300 m dojdziemy z powrotem do DFS \u2013 furtki trzeba wypatrywa\u0107 z prawej strony.<\/p>\r\n\r\n\r\n<a href=\"https:\/\/softsht.com\/product\/buy-office-2019-home-and-business\/\" rel=\"sponsored\">buy office 2019 home and business<\/a>\r\n\t\t","protected":false},"excerpt":{"rendered":"<p>LINK do nawigacji: https:\/\/mapy.cz\/s\/gugehedone Spokojny spacer pomi\u0119dzy Sulistrowiczkami a Sulistrowicami z wizyt\u0105 nad Zalewem Sulistrowickim, kt\u00f3ry w letnie miesi\u0105ce przyci\u0105ga mi\u0142o\u015bnik\u00f3w wypoczynku nad wod\u0105. Trasa w wi\u0119kszo\u015bci asfaltowa, z lekkimi podej\u015bciami. Po wyj\u015bciu za bram\u0119 DFS nale\u017cy skr\u0119ci\u0107 w lewo i po ok. 300 m marszu poboczem g\u0142\u00f3wnej drogi skr\u0119ci\u0107 w prawo pod g\u00f3r\u0119 przy krzy\u017cu. Po chwili zobaczymy restauracj\u0119 [&hellip;]<\/p>\n","protected":false},"author":2,"featured_media":0,"parent":1268,"menu_order":0,"comment_status":"closed","ping_status":"closed","template":"","meta":[],"_links":{"self":[{"href":"http:\/\/formacja.archidiecezja.wroc.pl\/index.php?rest_route=\/wp\/v2\/pages\/1005"}],"collection":[{"href":"http:\/\/formacja.archidiecezja.wroc.pl\/index.php?rest_route=\/wp\/v2\/pages"}],"about":[{"href":"http:\/\/formacja.archidiecezja.wroc.pl\/index.php?rest_route=\/wp\/v2\/types\/page"}],"author":[{"embeddable":true,"href":"http:\/\/formacja.archidiecezja.wroc.pl\/index.php?rest_route=\/wp\/v2\/users\/2"}],"replies":[{"embeddable":true,"href":"http:\/\/formacja.archidiecezja.wroc.pl\/index.php?rest_route=%2Fwp%2Fv2%2Fcomments&post=1005"}],"version-history":[{"count":4,"href":"http:\/\/formacja.archidiecezja.wroc.pl\/index.php?rest_route=\/wp\/v2\/pages\/1005\/revisions"}],"predecessor-version":[{"id":1345,"href":"http:\/\/formacja.archidiecezja.wroc.pl\/index.php?rest_route=\/wp\/v2\/pages\/1005\/revisions\/1345"}],"up":[{"embeddable":true,"href":"http:\/\/formacja.archidiecezja.wroc.pl\/index.php?rest_route=\/wp\/v2\/pages\/1268"}],"wp:attachment":[{"href":"http:\/\/formacja.archidiecezja.wroc.pl\/index.php?rest_route=%2Fwp%2Fv2%2Fmedia&parent=1005"}],"curies":[{"name":"wp","href":"https:\/\/api.w.org\/{rel}","templated":true}]}}