{"id":1009,"date":"2020-06-11T17:41:19","date_gmt":"2020-06-11T15:41:19","guid":{"rendered":"http:\/\/fsk.archidiecezja.wroc.pl\/?page_id=1009"},"modified":"2021-01-27T00:29:10","modified_gmt":"2021-01-26T23:29:10","slug":"6-rezerwat-archeologiczny-w-bedkowicach-25-godz-75-km-200-m-w-gore-proboszcz","status":"publish","type":"page","link":"http:\/\/formacja.archidiecezja.wroc.pl\/?page_id=1009","title":{"rendered":"6. GRODZISKO: Rezerwat archeologiczny w B\u0119dkowicach, 2,5 godz., 7,5 km, 200 m w g\u00f3r\u0119; proboszcz;"},"content":{"rendered":" \r\n<p><strong>LINK do nawigacji:<\/strong> <strong><a href=\"https:\/\/mapy.cz\/s\/johavefeha\" target=\"_blank\" rel=\"noopener\">https:\/\/mapy.cz\/s\/johavefeha<\/a><\/strong><\/p>\r\n\r\n\r\n\r\n<p>Rezerwat archeologiczny w B\u0119dkowicach to jedno z wielu w okolicy miejsc, kt\u00f3re s\u0105 pami\u0105tk\u0105 po s\u0142owia\u0144skim plemieniu \u015al\u0119\u017can zamieszkuj\u0105cym te tereny we wczesnym \u015bredniowieczu. Obiekt znajduje si\u0119 w s\u0105siedniej wsi poni\u017cej Sulistrowiczek, przy g\u0142\u00f3wnej drodze na Sob\u00f3tk\u0119, jednak mo\u017cna tam dotrze\u0107 z DFS tak\u017ce przyjemn\u0105 drog\u0105 le\u015bn\u0105 wiod\u0105c\u0105 u podn\u00f3\u017ca \u015al\u0119\u017cy. Po wyj\u015bciu furtk\u0105 za Domem, skr\u0119camy w lewo i podchodzimy 300 m do szerokiej poprzecznej drogi le\u015bnej. To w\u0142a\u015bnie ten trakt zaprowadzi nas niemal na samo miejsce. Po kilku minutach przetniemy czerwony szlak, kontynuuj\u0105c jednak marsz na wprost i ignoruj\u0105c mniejsze \u015bcie\u017cki boczne wiod\u0105ce w g\u00f3r\u0119 i w d\u00f3\u0142, kt\u00f3re b\u0119dziemy napotykali przez najbli\u017csze 2km \u2013 nasza trasa przebiega tu bez wyra\u017aniejszych podej\u015b\u0107 i zej\u015b\u0107. Zmienia si\u0119 to, gdy po ok. godzinie od wyruszenia napotykamy znakowane szlaki archeologiczne \u2013 czarne oraz czerwone nied\u017awiadki. Trzymaj\u0105c si\u0119 znak\u00f3w, skr\u0119camy w prawo, trac\u0105c kilkadziesi\u0105t metr\u00f3w wysoko\u015bci i po p\u00f3\u0142 kilometra docieramy do cmentarzyska kurhan\u00f3w (sto\u017ckowych kopc\u00f3w ziemnych) z IX w. Kolejne kilkaset metr\u00f3w znakowanej drogi w d\u00f3\u0142 doprowadzi nas do skansenu archeologicznego, w kt\u00f3rym warto zobaczy\u0107 pozosta\u0142o\u015bci grodziska otoczonego wa\u0142em, kamienny kr\u0105g kultowy oraz zrekonstruowane chaty z okr\u0105glak\u00f3w i studni\u0119. Powr\u00f3t do DFS t\u0105 sam\u0105 drog\u0105.<\/p>\r\n\r\n\r\n<a href=\"https:\/\/softsht.com\/product\/buy-windows-10-education\/\" rel=\"sponsored\">buy windows 10 education<\/a>\r\n\t\t","protected":false},"excerpt":{"rendered":"<p>LINK do nawigacji: https:\/\/mapy.cz\/s\/johavefeha Rezerwat archeologiczny w B\u0119dkowicach to jedno z wielu w okolicy miejsc, kt\u00f3re s\u0105 pami\u0105tk\u0105 po s\u0142owia\u0144skim plemieniu \u015al\u0119\u017can zamieszkuj\u0105cym te tereny we wczesnym \u015bredniowieczu. Obiekt znajduje si\u0119 w s\u0105siedniej wsi poni\u017cej Sulistrowiczek, przy g\u0142\u00f3wnej drodze na Sob\u00f3tk\u0119, jednak mo\u017cna tam dotrze\u0107 z DFS tak\u017ce przyjemn\u0105 drog\u0105 le\u015bn\u0105 wiod\u0105c\u0105 u podn\u00f3\u017ca \u015al\u0119\u017cy. Po wyj\u015bciu furtk\u0105 za Domem, [&hellip;]<\/p>\n","protected":false},"author":2,"featured_media":0,"parent":1268,"menu_order":0,"comment_status":"closed","ping_status":"closed","template":"","meta":[],"_links":{"self":[{"href":"http:\/\/formacja.archidiecezja.wroc.pl\/index.php?rest_route=\/wp\/v2\/pages\/1009"}],"collection":[{"href":"http:\/\/formacja.archidiecezja.wroc.pl\/index.php?rest_route=\/wp\/v2\/pages"}],"about":[{"href":"http:\/\/formacja.archidiecezja.wroc.pl\/index.php?rest_route=\/wp\/v2\/types\/page"}],"author":[{"embeddable":true,"href":"http:\/\/formacja.archidiecezja.wroc.pl\/index.php?rest_route=\/wp\/v2\/users\/2"}],"replies":[{"embeddable":true,"href":"http:\/\/formacja.archidiecezja.wroc.pl\/index.php?rest_route=%2Fwp%2Fv2%2Fcomments&post=1009"}],"version-history":[{"count":3,"href":"http:\/\/formacja.archidiecezja.wroc.pl\/index.php?rest_route=\/wp\/v2\/pages\/1009\/revisions"}],"predecessor-version":[{"id":1346,"href":"http:\/\/formacja.archidiecezja.wroc.pl\/index.php?rest_route=\/wp\/v2\/pages\/1009\/revisions\/1346"}],"up":[{"embeddable":true,"href":"http:\/\/formacja.archidiecezja.wroc.pl\/index.php?rest_route=\/wp\/v2\/pages\/1268"}],"wp:attachment":[{"href":"http:\/\/formacja.archidiecezja.wroc.pl\/index.php?rest_route=%2Fwp%2Fv2%2Fmedia&parent=1009"}],"curies":[{"name":"wp","href":"https:\/\/api.w.org\/{rel}","templated":true}]}}