{"id":1012,"date":"2020-06-11T17:43:59","date_gmt":"2020-06-11T15:43:59","guid":{"rendered":"http:\/\/fsk.archidiecezja.wroc.pl\/?page_id=1012"},"modified":"2021-01-27T00:29:43","modified_gmt":"2021-01-26T23:29:43","slug":"7-debowy-grzbiet-25-godz-7-km-280-m-w-gore-mlodszy-proboszcz","status":"publish","type":"page","link":"http:\/\/formacja.archidiecezja.wroc.pl\/?page_id=1012","title":{"rendered":"7. D\u0118BOWY GRZBIET: D\u0119bowy Grzbiet w masywie Raduni, 2,5 godz., 7 km, 280 m w g\u00f3r\u0119; (m\u0142odszy proboszcz)"},"content":{"rendered":" \r\n<p><strong>LINK do nawigacji:<\/strong> <strong><a href=\"https:\/\/mapy.cz\/s\/ledakobofo\" target=\"_blank\" rel=\"noopener\">https:\/\/mapy.cz\/s\/ledakobofo<\/a><\/strong><\/p>\r\n\r\n\r\n\r\n<p>D\u0119bowy Grzbiet to cz\u0119\u015b\u0107 Masywu Raduni, z kt\u00f3rej rozpo\u015bciera si\u0119 pi\u0119kny widok na le\u017c\u0105c\u0105 naprzeciwko \u015al\u0119\u017c\u0119, R\u00f3wnin\u0119 Wroc\u0142awsk\u0105 (wyr\u00f3\u017cnia si\u0119 sylwetka wie\u017cowca Sky Tower) oraz na Sulistrowiczki \u2013 wyra\u017anie widoczna z tarasu DFS wylesiona przestrze\u0144 to polana pod szczytem \u015awierczyna, sk\u0105d Dom jest \u0142atwo dostrzegalny. W drodze na grzbiet czeka nas jedno solidno podej\u015bcie. Wycieczka rozpoczyna si\u0119 identycznie, jak trasa do \u0141\u0105ki Sulistrowickiej \u2013 po ok. 1,5 km dochodzimy do szlaku zielonego i do tablicy, kt\u00f3ra podaje kilka wiadomo\u015bci na temat rezerwatu. Przecinamy szlak i kierujemy si\u0119 pod g\u00f3r\u0119 \u015bcie\u017ck\u0105 widoczn\u0105 nieco po lewej stronie. Do pokonania mamy ok. 180 m przewy\u017cszenia. Na rozwidleniach dr\u00f3g dwukrotnie wybieramy t\u0119 biegn\u0105c\u0105 w praw\u0105 stron\u0119 i po ok. kilometrze powinni\u015bmy doj\u015b\u0107 do niebieskiego szlaku, kt\u00f3rym b\u0119dziemy w\u0119drowa\u0107 przez D\u0119bowy Grzbiet. Razem ze szlakiem skr\u0119camy w lewo, zostawiaj\u0105c za sob\u0105 szczyt Raduni i stopniowo schodz\u0105c w d\u00f3\u0142 widokow\u0105 tras\u0105. Po 2 km i pokonaniu ca\u0142ego grzbietu napotykamy szlak zielony, mijamy Prze\u0142\u0119cz S\u0142upick\u0105 i na du\u017cym skrzy\u017cowaniu le\u015bnych dr\u00f3g, przy kt\u00f3rym stoi oznaczenie trasy rowerowej, schodzimy wprost na d\u00f3\u0142, opuszczaj\u0105c zielone znaki. Wraz z pierwszymi zabudowaniami Sulistrowiczek pojawia si\u0119 asfaltowa droga, kt\u00f3r\u0105 schodzimy do g\u0142\u00f3wnej szosy, mijaj\u0105c restauracj\u0119 Zielone Wzg\u00f3rze i most na Sulistrowickim Potoku. Przy krzy\u017cu skr\u0119camy w lewo i po 300 m poboczem dochodzimy do bramy DFS.<\/p>\r\n\r\n\r\n<a href=\"https:\/\/softsht.com\/product\/buy-office-2016-pro\/\" rel=\"sponsored\">buy office 2016 pro<\/a>\r\n\t\t","protected":false},"excerpt":{"rendered":"<p>LINK do nawigacji: https:\/\/mapy.cz\/s\/ledakobofo D\u0119bowy Grzbiet to cz\u0119\u015b\u0107 Masywu Raduni, z kt\u00f3rej rozpo\u015bciera si\u0119 pi\u0119kny widok na le\u017c\u0105c\u0105 naprzeciwko \u015al\u0119\u017c\u0119, R\u00f3wnin\u0119 Wroc\u0142awsk\u0105 (wyr\u00f3\u017cnia si\u0119 sylwetka wie\u017cowca Sky Tower) oraz na Sulistrowiczki \u2013 wyra\u017anie widoczna z tarasu DFS wylesiona przestrze\u0144 to polana pod szczytem \u015awierczyna, sk\u0105d Dom jest \u0142atwo dostrzegalny. W drodze na grzbiet czeka nas jedno solidno podej\u015bcie. Wycieczka rozpoczyna [&hellip;]<\/p>\n","protected":false},"author":2,"featured_media":0,"parent":1268,"menu_order":0,"comment_status":"closed","ping_status":"closed","template":"","meta":[],"_links":{"self":[{"href":"http:\/\/formacja.archidiecezja.wroc.pl\/index.php?rest_route=\/wp\/v2\/pages\/1012"}],"collection":[{"href":"http:\/\/formacja.archidiecezja.wroc.pl\/index.php?rest_route=\/wp\/v2\/pages"}],"about":[{"href":"http:\/\/formacja.archidiecezja.wroc.pl\/index.php?rest_route=\/wp\/v2\/types\/page"}],"author":[{"embeddable":true,"href":"http:\/\/formacja.archidiecezja.wroc.pl\/index.php?rest_route=\/wp\/v2\/users\/2"}],"replies":[{"embeddable":true,"href":"http:\/\/formacja.archidiecezja.wroc.pl\/index.php?rest_route=%2Fwp%2Fv2%2Fcomments&post=1012"}],"version-history":[{"count":4,"href":"http:\/\/formacja.archidiecezja.wroc.pl\/index.php?rest_route=\/wp\/v2\/pages\/1012\/revisions"}],"predecessor-version":[{"id":1347,"href":"http:\/\/formacja.archidiecezja.wroc.pl\/index.php?rest_route=\/wp\/v2\/pages\/1012\/revisions\/1347"}],"up":[{"embeddable":true,"href":"http:\/\/formacja.archidiecezja.wroc.pl\/index.php?rest_route=\/wp\/v2\/pages\/1268"}],"wp:attachment":[{"href":"http:\/\/formacja.archidiecezja.wroc.pl\/index.php?rest_route=%2Fwp%2Fv2%2Fmedia&parent=1012"}],"curies":[{"name":"wp","href":"https:\/\/api.w.org\/{rel}","templated":true}]}}