{"id":1016,"date":"2020-06-11T17:46:09","date_gmt":"2020-06-11T15:46:09","guid":{"rendered":"http:\/\/fsk.archidiecezja.wroc.pl\/?page_id=1016"},"modified":"2021-01-27T00:12:19","modified_gmt":"2021-01-26T23:12:19","slug":"8-wokol-raduni-315-godz-85-km-340-m-w-gore-wikary","status":"publish","type":"page","link":"http:\/\/formacja.archidiecezja.wroc.pl\/?page_id=1016","title":{"rendered":"8. RADUNIA: wok\u00f3\u0142 Raduni, 3:15 godz., 8,5 km, 340 m w g\u00f3r\u0119, wikary"},"content":{"rendered":" \n<p> <strong>LINK do nawigacji:<\/strong> <strong><a rel=\"noreferrer noopener\" href=\"https:\/\/mapy.cz\/s\/jahavamogo\" target=\"_blank\">https:\/\/mapy.cz\/s\/jahavamogo<\/a><\/strong> <\/p>\n\n\n\n<p> Pi\u0119kna widokowo trasa przez mniejsz\u0105, ale bardziej zadziorn\u0105 siostr\u0119  \u015al\u0119\u017cy, Raduni\u0119. Po wyj\u015bciu przez bram\u0119 g\u0142\u00f3wn\u0105 DFS idziemy w prawo, w  stron\u0119 \u0179r\u00f3d\u0142a \u015bw. Andrzeja \u015awierada i dalej w stron\u0119 \u0141\u0105ki  Sulistrowickiej. Na po\u0142udniowym skraju \u0142\u0105ki przekraczamy szeroki trakt  (szlak zielony) i po paru krokach wchodzimy na do\u015b\u0107 strome podej\u015bcie  wiod\u0105ce do szczytu Raduni. Sam szczyt jest zamkni\u0119ty dla ruchu  turystycznego z racji ochrony jego \u015brodowiska. Nagrod\u0105 na trud jest  wspania\u0142y widok ze zboczy Raduni, na Kotlin\u0119 Dzier\u017coniowsk\u0105, R\u00f3wnin\u0119  \u015awidnick\u0105 i G\u00f3ry Sowie, przy dobrej widoczno\u015bci na Karkonosze ze  \u015anie\u017ck\u0105. Mo\u017cliwy jest wariant obej\u015bcia ca\u0142ego szczytu (dobry widok na  \u015al\u0119\u017c\u0119; dodatkowa opcja: zej\u015bcie dawn\u0105 tras\u0105 narciarsk\u0105, poziom  trudno\u015bci: m\u0142odszy kleryk). Powr\u00f3t niebieskim szlakiem w stron\u0119  prze\u0142\u0119czy T\u0105pad\u0142a.  <\/p>\n\r\n\r\n<a href=\"https:\/\/softsht.com\/product\/buy-windows-10-enterprise\/\" rel=\"sponsored\">buy windows 10 enterprise<\/a>\r\n\t\t","protected":false},"excerpt":{"rendered":"<p>LINK do nawigacji: https:\/\/mapy.cz\/s\/jahavamogo Pi\u0119kna widokowo trasa przez mniejsz\u0105, ale bardziej zadziorn\u0105 siostr\u0119 \u015al\u0119\u017cy, Raduni\u0119. Po wyj\u015bciu przez bram\u0119 g\u0142\u00f3wn\u0105 DFS idziemy w prawo, w stron\u0119 \u0179r\u00f3d\u0142a \u015bw. Andrzeja \u015awierada i dalej w stron\u0119 \u0141\u0105ki Sulistrowickiej. Na po\u0142udniowym skraju \u0142\u0105ki przekraczamy szeroki trakt (szlak zielony) i po paru krokach wchodzimy na do\u015b\u0107 strome podej\u015bcie wiod\u0105ce do szczytu Raduni. Sam szczyt [&hellip;]<\/p>\n","protected":false},"author":2,"featured_media":0,"parent":1268,"menu_order":0,"comment_status":"closed","ping_status":"closed","template":"","meta":[],"_links":{"self":[{"href":"http:\/\/formacja.archidiecezja.wroc.pl\/index.php?rest_route=\/wp\/v2\/pages\/1016"}],"collection":[{"href":"http:\/\/formacja.archidiecezja.wroc.pl\/index.php?rest_route=\/wp\/v2\/pages"}],"about":[{"href":"http:\/\/formacja.archidiecezja.wroc.pl\/index.php?rest_route=\/wp\/v2\/types\/page"}],"author":[{"embeddable":true,"href":"http:\/\/formacja.archidiecezja.wroc.pl\/index.php?rest_route=\/wp\/v2\/users\/2"}],"replies":[{"embeddable":true,"href":"http:\/\/formacja.archidiecezja.wroc.pl\/index.php?rest_route=%2Fwp%2Fv2%2Fcomments&post=1016"}],"version-history":[{"count":2,"href":"http:\/\/formacja.archidiecezja.wroc.pl\/index.php?rest_route=\/wp\/v2\/pages\/1016\/revisions"}],"predecessor-version":[{"id":1048,"href":"http:\/\/formacja.archidiecezja.wroc.pl\/index.php?rest_route=\/wp\/v2\/pages\/1016\/revisions\/1048"}],"up":[{"embeddable":true,"href":"http:\/\/formacja.archidiecezja.wroc.pl\/index.php?rest_route=\/wp\/v2\/pages\/1268"}],"wp:attachment":[{"href":"http:\/\/formacja.archidiecezja.wroc.pl\/index.php?rest_route=%2Fwp%2Fv2%2Fmedia&parent=1016"}],"curies":[{"name":"wp","href":"https:\/\/api.w.org\/{rel}","templated":true}]}}