{"id":1020,"date":"2020-06-11T17:48:20","date_gmt":"2020-06-11T15:48:20","guid":{"rendered":"http:\/\/fsk.archidiecezja.wroc.pl\/?page_id=1020"},"modified":"2021-01-27T00:12:28","modified_gmt":"2021-01-26T23:12:28","slug":"9-chrystus-pantokrator-i-sleza-320-godz-8-km-430-w-gore-wikary","status":"publish","type":"page","link":"http:\/\/formacja.archidiecezja.wroc.pl\/?page_id=1020","title":{"rendered":"9. PANTOKRATOR I \u015aL\u0118\u017bA: Chrystus Pantokrator i szczyt \u015al\u0119\u017cy, 3:20 godz., 8 km, 430 w g\u00f3r\u0119, wikary;"},"content":{"rendered":" \n<p> <strong>LINK do nawigacji:<\/strong> <strong><a rel=\"noreferrer noopener\" href=\"https:\/\/mapy.cz\/s\/lalumugulu\" target=\"_blank\">https:\/\/mapy.cz\/s\/lalumugulu<\/a><\/strong> <\/p>\n\n\n\n<p> Wycieczka w tajemnicz\u0105 cz\u0119\u015b\u0107 \u015al\u0119\u017cy, do grupy ciekawych ska\u0142 i d\u0142ugich,  kamiennych schod\u00f3w, z p\u0142askorze\u017ab\u0105 Chrystusa Pantokratora. Wychodzimy  bram\u0105 za Domem (ko\u0142o figury Maryi, do p\u0142otu). Le\u015bn\u0105 drog\u0105 dochodzimy do  szlaku czerwonego (mo\u017cliwy skr\u00f3t, do osobistego rozwa\u017cenia). Szlakiem  pniemy si\u0119 w g\u00f3r\u0119, za Drog\u0105 wok\u00f3\u0142 \u015al\u0119\u017cy odbijaj\u0105c w prawo. Docieramy do  d\u0142ugiej na oko\u0142o 60 m. grz\u0119dy ska\u0142, zwanymi Ska\u0142ami W\u0142adys\u0142awa, z  p\u0142askorze\u017ab\u0105 Chrystusa. Za ska\u0142ami \u0179r\u00f3d\u0142o Anny. Idziemy w g\u00f3r\u0119, w stron\u0119  \u015al\u0119\u017cy. Powr\u00f3t czerwonym szlakiem pod bram\u0119 Domu. <\/p>\n\r\n\r\n<a href=\"https:\/\/softsht.com\/product\/buy-windows-10-home\/\" rel=\"sponsored\">buy windows 10 home<\/a>\r\n\t\t","protected":false},"excerpt":{"rendered":"<p>LINK do nawigacji: https:\/\/mapy.cz\/s\/lalumugulu Wycieczka w tajemnicz\u0105 cz\u0119\u015b\u0107 \u015al\u0119\u017cy, do grupy ciekawych ska\u0142 i d\u0142ugich, kamiennych schod\u00f3w, z p\u0142askorze\u017ab\u0105 Chrystusa Pantokratora. Wychodzimy bram\u0105 za Domem (ko\u0142o figury Maryi, do p\u0142otu). Le\u015bn\u0105 drog\u0105 dochodzimy do szlaku czerwonego (mo\u017cliwy skr\u00f3t, do osobistego rozwa\u017cenia). Szlakiem pniemy si\u0119 w g\u00f3r\u0119, za Drog\u0105 wok\u00f3\u0142 \u015al\u0119\u017cy odbijaj\u0105c w prawo. Docieramy do d\u0142ugiej na oko\u0142o 60 m. [&hellip;]<\/p>\n","protected":false},"author":2,"featured_media":0,"parent":1268,"menu_order":0,"comment_status":"closed","ping_status":"closed","template":"","meta":[],"_links":{"self":[{"href":"http:\/\/formacja.archidiecezja.wroc.pl\/index.php?rest_route=\/wp\/v2\/pages\/1020"}],"collection":[{"href":"http:\/\/formacja.archidiecezja.wroc.pl\/index.php?rest_route=\/wp\/v2\/pages"}],"about":[{"href":"http:\/\/formacja.archidiecezja.wroc.pl\/index.php?rest_route=\/wp\/v2\/types\/page"}],"author":[{"embeddable":true,"href":"http:\/\/formacja.archidiecezja.wroc.pl\/index.php?rest_route=\/wp\/v2\/users\/2"}],"replies":[{"embeddable":true,"href":"http:\/\/formacja.archidiecezja.wroc.pl\/index.php?rest_route=%2Fwp%2Fv2%2Fcomments&post=1020"}],"version-history":[{"count":2,"href":"http:\/\/formacja.archidiecezja.wroc.pl\/index.php?rest_route=\/wp\/v2\/pages\/1020\/revisions"}],"predecessor-version":[{"id":1049,"href":"http:\/\/formacja.archidiecezja.wroc.pl\/index.php?rest_route=\/wp\/v2\/pages\/1020\/revisions\/1049"}],"up":[{"embeddable":true,"href":"http:\/\/formacja.archidiecezja.wroc.pl\/index.php?rest_route=\/wp\/v2\/pages\/1268"}],"wp:attachment":[{"href":"http:\/\/formacja.archidiecezja.wroc.pl\/index.php?rest_route=%2Fwp%2Fv2%2Fmedia&parent=1020"}],"curies":[{"name":"wp","href":"https:\/\/api.w.org\/{rel}","templated":true}]}}