{"id":1026,"date":"2020-06-11T17:51:59","date_gmt":"2020-06-11T15:51:59","guid":{"rendered":"http:\/\/fsk.archidiecezja.wroc.pl\/?page_id=1026"},"modified":"2021-01-27T00:10:42","modified_gmt":"2021-01-26T23:10:42","slug":"11-sleza-czerwonym-z-lagodniejszym-ale-dluzszym-powrotem-315-godz-9-km-420-m-w-gore-neoprezbiter","status":"publish","type":"page","link":"http:\/\/formacja.archidiecezja.wroc.pl\/?page_id=1026","title":{"rendered":"11. \u015aL\u0118\u017bA D\u0141U\u017bEJ; \u015al\u0119\u017ca czerwonym, powr\u00f3t \u0142agodniejszy, ale d\u0142u\u017cszy; 3:15 godz., 9 km, 420 m w g\u00f3r\u0119; neoprezbiter;"},"content":{"rendered":" \n<p> <strong>LINK do nawigacji:<\/strong> <strong><a rel=\"noreferrer noopener\" href=\"https:\/\/mapy.cz\/s\/keguzajanu\" target=\"_blank\">https:\/\/mapy.cz\/s\/keguzajanu<\/a><\/strong> <\/p>\n\n\n\n<p>Najkr\u00f3tsza droga prowadz\u0105ca z DFS na szczyt \u015al\u0119\u017cy. Od strony  Sulistrowiczek zbocza tej g\u00f3ry s\u0105 strome, dlatego dystans wycieczki nie  jest du\u017cy, ale 400 m przewy\u017cszenia to ju\u017c wyzwanie, zw\u0142aszcza \u017ce szlak  jest miejscami kamienisty i nier\u00f3wny. Po wyj\u015bciu furtk\u0105 za Domem,  skr\u0119camy w lewo i podchodzimy 300 m do szerokiej poprzecznej drogi  le\u015bnej. Idziemy w prawo i po kilku minutach docieramy do czerwonego  szlaku, kt\u00f3ry \u2013 je\u015bli skr\u0119cimy w lewo, pod g\u00f3r\u0119 &#8211; zaprowadzi nas na sam\u0105  \u015al\u0119\u017c\u0119. Przez nieco ponad 2,5 km idziemy zgodnie z czerwonymi znakami,  mijaj\u0105c poprzeczne \u015bciezki i drogi. Szlak jest ca\u0142y czas wyra\u017any, a w  razie w\u0105tpliwo\u015bci nale\u017cy wypatrywa\u0107 znak\u00f3w na drzewach. W po\u0142owie trasy  przecinamy czarny szlak okr\u0105\u017caj\u0105cy Masyw \u015al\u0119\u017cy. Za tym punktem nasza  droga staje si\u0119 bardziej  stroma, a po deszczach nale\u017cy tu uwa\u017ca\u0107 na  \u015bliskie kamienie. Po ok. 1,5 godz. Od wyj\u015bcia powinni\u015bmy osi\u0105gn\u0105\u0107  mierz\u0105cy 718 m n.p.m. szczyt \u015al\u0119\u017cy z ko\u015bcio\u0142em Nawiedzenia NMP, Domem  Turysty, wie\u017c\u0105 widokow\u0105 i licznymi miejscami do wypoczynku przy pi\u0119knych  widokach. Najkr\u00f3tsza droga powrotna to powt\u00f3rka z podej\u015bcia i w\u0119dr\u00f3wka  czerwonym szlakiem. Je\u015bli chcemy tras\u0119 nieco wyd\u0142u\u017cy\u0107, a r\u00f3wnocze\u015bnie  omin\u0105\u0107 najbardziej stromy odcinek po kamieniach, mo\u017cemy zej\u015b\u0107 najpierw  szlakiem \u017c\u00f3\u0142tym w stron\u0119 Prze\u0142\u0119czy T\u0105pad\u0142a \u2013 przejezdnym nawet dla  samochod\u00f3w terenowych i w\u00f3zk\u00f3w dzieci\u0119cych \u2013 a po ok. 1,5 km na Polanie z  D\u0119bami (przy wiacie \u2013 miejscu na odpoczynek) skr\u0119ci\u0107 w lewo, w d\u00f3\u0142 w  szeroki Trakt Bolka, kt\u00f3rym dotrzemy najpierw do szlaku czarnego, a  zaraz potem (2 km od zej\u015bcia ze szlaku \u017c\u00f3\u0142tego) do szlaku czerwonego,  znanego nam z podej\u015bcia. St\u0105d do DFS wracamy ju\u017c tak samo, jak szli\u015bmy w  pierwsz\u0105 stron\u0119. <\/p>\n\r\n\r\n<a href=\"https:\/\/softsht.com\/product\/buy-windows-10-pro\/\" rel=\"sponsored\">buy windows 10 pro<\/a>\r\n\t\t","protected":false},"excerpt":{"rendered":"<p>LINK do nawigacji: https:\/\/mapy.cz\/s\/keguzajanu Najkr\u00f3tsza droga prowadz\u0105ca z DFS na szczyt \u015al\u0119\u017cy. Od strony Sulistrowiczek zbocza tej g\u00f3ry s\u0105 strome, dlatego dystans wycieczki nie jest du\u017cy, ale 400 m przewy\u017cszenia to ju\u017c wyzwanie, zw\u0142aszcza \u017ce szlak jest miejscami kamienisty i nier\u00f3wny. Po wyj\u015bciu furtk\u0105 za Domem, skr\u0119camy w lewo i podchodzimy 300 m do szerokiej poprzecznej drogi le\u015bnej. Idziemy w [&hellip;]<\/p>\n","protected":false},"author":2,"featured_media":0,"parent":1268,"menu_order":0,"comment_status":"closed","ping_status":"closed","template":"","meta":[],"_links":{"self":[{"href":"http:\/\/formacja.archidiecezja.wroc.pl\/index.php?rest_route=\/wp\/v2\/pages\/1026"}],"collection":[{"href":"http:\/\/formacja.archidiecezja.wroc.pl\/index.php?rest_route=\/wp\/v2\/pages"}],"about":[{"href":"http:\/\/formacja.archidiecezja.wroc.pl\/index.php?rest_route=\/wp\/v2\/types\/page"}],"author":[{"embeddable":true,"href":"http:\/\/formacja.archidiecezja.wroc.pl\/index.php?rest_route=\/wp\/v2\/users\/2"}],"replies":[{"embeddable":true,"href":"http:\/\/formacja.archidiecezja.wroc.pl\/index.php?rest_route=%2Fwp%2Fv2%2Fcomments&post=1026"}],"version-history":[{"count":3,"href":"http:\/\/formacja.archidiecezja.wroc.pl\/index.php?rest_route=\/wp\/v2\/pages\/1026\/revisions"}],"predecessor-version":[{"id":1053,"href":"http:\/\/formacja.archidiecezja.wroc.pl\/index.php?rest_route=\/wp\/v2\/pages\/1026\/revisions\/1053"}],"up":[{"embeddable":true,"href":"http:\/\/formacja.archidiecezja.wroc.pl\/index.php?rest_route=\/wp\/v2\/pages\/1268"}],"wp:attachment":[{"href":"http:\/\/formacja.archidiecezja.wroc.pl\/index.php?rest_route=%2Fwp%2Fv2%2Fmedia&parent=1026"}],"curies":[{"name":"wp","href":"https:\/\/api.w.org\/{rel}","templated":true}]}}