{"id":1130,"date":"2020-06-24T21:48:59","date_gmt":"2020-06-24T19:48:59","guid":{"rendered":"http:\/\/fsk.archidiecezja.wroc.pl\/?page_id=1130"},"modified":"2021-01-27T00:10:50","modified_gmt":"2021-01-26T23:10:50","slug":"13-matka-boza-rogowska-z-przeleczy-tapadla-w-inny-swiat-do-maryi-i-pieknego-widoku-145-godz-41-km-220-m-w-gore-wikary","status":"publish","type":"page","link":"http:\/\/formacja.archidiecezja.wroc.pl\/?page_id=1130","title":{"rendered":"13) MATKA BO\u017bA ROGOWSKA: z Prze\u0142\u0119czy T\u0105pad\u0142a w inny \u015bwiat, do Maryi i pi\u0119knego widoku; 1:45 godz., 4,1 km, 220 m w g\u00f3r\u0119; wikary"},"content":{"rendered":" \n<p> <strong><a href=\"https:\/\/mapy.cz\/s\/fonejarabe\">LINK do nawigacji:<\/a><\/strong>  <a rel=\"noreferrer noopener\" href=\"https:\/\/mapy.cz\/s\/fonejarabe\" target=\"_blank\">https:\/\/mapy.cz\/s\/fonejarabe<\/a> <\/p>\n\n\n\n<p>&#8222;W\u0119drujcie do mojej Maryi&#8221; &#8211; takie s\u0142owa napisa\u0142 dla go\u015bci DFS ks. Roman E. Rogowski, teolog, mi\u0142o\u015bnik g\u00f3r, autor &#8222;Mistyki Tatr&#8221;. To on zainicjowa\u0142 umieszczenie p\u0142askorze\u017aby Maryi na najpi\u0119kniejszym miejscu ca\u0142ego Masywu \u015al\u0119\u017cy.<\/p>\n\n\n\n<p>Z Prze\u0142\u0119czy T\u0105pad\u0142a ruszamy w g\u00f3r\u0119 \u017c\u00f3\u0142tym szlakiem. Wkr\u00f3tce skr\u0119camy w lewo na szlak niebieski, kt\u00f3ry szerok\u0105 drog\u0105 prowadzi nas w poprzek Masywu \u015al\u0119\u017cy. Odbijamy w prawo w strom\u0105 \u015bcie\u017ck\u0119 pod g\u00f3r\u0119, ci\u0105gle niebieskim szlakiem, ale uwaga: napotkamy dwie \u015bcie\u017cki niebieskiego szlaku w prawo; skr\u0119camy w drug\u0105! Po kr\u00f3tkiej w\u0119dr\u00f3wce kamiennymi schodami docieramy do p\u00f3\u0142ki skalnej z p\u0142askorze\u017ab\u0105 Maryi i pi\u0119knym widokiem. Przechodzimy przez ni\u0105, wkraczaj\u0105c na szlak przyrodniczy (bia\u0142y kwadrat z zielonym li\u015bcie, u\u0142o\u017conym po przek\u0105tnej). Wiedzie on nas przez interesuj\u0105ce ska\u0142y i w\u0105wozy, w g\u00f3r\u0119 i w d\u00f3\u0142. Docieramy do Polany z D\u0119bami i wracamy \u017c\u00f3\u0142tym szlakiem na prze\u0142\u0119cz.<\/p>\n\n\n\n<p>\u0141atwiejsz\u0105 opcj\u0105 jest droga odwrotna, czyli \u0142agodne podej\u015bcie do Polany z D\u0119bami, wej\u015bcie na szlak przyrodniczy, zej\u015bcie niebieskiem. Cho\u0107 ta droga jest nieco trudniejsza do odnalezienia.<\/p>\n\r\n\r\n<a href=\"https:\/\/softsht.com\/product\/buy-office-2019-pro\/\" rel=\"sponsored\">buy office 2019 pro<\/a>\r\n\t\t","protected":false},"excerpt":{"rendered":"<p>LINK do nawigacji: https:\/\/mapy.cz\/s\/fonejarabe &#8222;W\u0119drujcie do mojej Maryi&#8221; &#8211; takie s\u0142owa napisa\u0142 dla go\u015bci DFS ks. Roman E. Rogowski, teolog, mi\u0142o\u015bnik g\u00f3r, autor &#8222;Mistyki Tatr&#8221;. To on zainicjowa\u0142 umieszczenie p\u0142askorze\u017aby Maryi na najpi\u0119kniejszym miejscu ca\u0142ego Masywu \u015al\u0119\u017cy. Z Prze\u0142\u0119czy T\u0105pad\u0142a ruszamy w g\u00f3r\u0119 \u017c\u00f3\u0142tym szlakiem. Wkr\u00f3tce skr\u0119camy w lewo na szlak niebieski, kt\u00f3ry szerok\u0105 drog\u0105 prowadzi nas w poprzek Masywu [&hellip;]<\/p>\n","protected":false},"author":2,"featured_media":0,"parent":1268,"menu_order":0,"comment_status":"closed","ping_status":"closed","template":"","meta":[],"_links":{"self":[{"href":"http:\/\/formacja.archidiecezja.wroc.pl\/index.php?rest_route=\/wp\/v2\/pages\/1130"}],"collection":[{"href":"http:\/\/formacja.archidiecezja.wroc.pl\/index.php?rest_route=\/wp\/v2\/pages"}],"about":[{"href":"http:\/\/formacja.archidiecezja.wroc.pl\/index.php?rest_route=\/wp\/v2\/types\/page"}],"author":[{"embeddable":true,"href":"http:\/\/formacja.archidiecezja.wroc.pl\/index.php?rest_route=\/wp\/v2\/users\/2"}],"replies":[{"embeddable":true,"href":"http:\/\/formacja.archidiecezja.wroc.pl\/index.php?rest_route=%2Fwp%2Fv2%2Fcomments&post=1130"}],"version-history":[{"count":6,"href":"http:\/\/formacja.archidiecezja.wroc.pl\/index.php?rest_route=\/wp\/v2\/pages\/1130\/revisions"}],"predecessor-version":[{"id":1137,"href":"http:\/\/formacja.archidiecezja.wroc.pl\/index.php?rest_route=\/wp\/v2\/pages\/1130\/revisions\/1137"}],"up":[{"embeddable":true,"href":"http:\/\/formacja.archidiecezja.wroc.pl\/index.php?rest_route=\/wp\/v2\/pages\/1268"}],"wp:attachment":[{"href":"http:\/\/formacja.archidiecezja.wroc.pl\/index.php?rest_route=%2Fwp%2Fv2%2Fmedia&parent=1130"}],"curies":[{"name":"wp","href":"https:\/\/api.w.org\/{rel}","templated":true}]}}