{"id":1138,"date":"2020-06-24T22:04:44","date_gmt":"2020-06-24T20:04:44","guid":{"rendered":"http:\/\/fsk.archidiecezja.wroc.pl\/?page_id=1138"},"modified":"2021-01-27T00:10:58","modified_gmt":"2021-01-26T23:10:58","slug":"14-trasa-czempiona-samo-najlepsze-czyli-pantokrator-sleza-i-matka-boza-rogowska-55-godz-14-km-660-m-w-gore-kleryk-sprawny","status":"publish","type":"page","link":"http:\/\/formacja.archidiecezja.wroc.pl\/?page_id=1138","title":{"rendered":"14) TRASA CZEMPIONA: samo najlepsze, czyli Pantokrator, \u015al\u0119\u017ca i Matka Bo\u017ca Rogowska; 5,5 godz, 14 km, 660 m w g\u00f3r\u0119; kleryk (sprawny)"},"content":{"rendered":" \n<p> <a href=\"https:\/\/mapy.cz\/s\/pevarulato\"><strong>LINK do nawigacji: <\/strong> <\/a> <a rel=\"noreferrer noopener\" href=\"https:\/\/mapy.cz\/s\/pevarulato\" target=\"_blank\">https:\/\/mapy.cz\/s\/pevarulato<\/a> <\/p>\n\n\n\n<p>Samo najlepsze: od ogrodu DFS przez p\u0142askorze\u017ab\u0119 Pantokratora nieopdal szczytu, nast\u0119pnie sam szczyt, zej\u015bcie spektakularnym niebieskiem szlakiem do p\u0142askorze\u017aby Maryi i powr\u00f3t do domu.<\/p>\n\r\n\r\n<a href=\"https:\/\/volgerkopen.com\/facebook-likes-kopen\/\" rel=\"sponsored\">facebook likes kopen<\/a>\r\n\t\t","protected":false},"excerpt":{"rendered":"<p>LINK do nawigacji: https:\/\/mapy.cz\/s\/pevarulato Samo najlepsze: od ogrodu DFS przez p\u0142askorze\u017ab\u0119 Pantokratora nieopdal szczytu, nast\u0119pnie sam szczyt, zej\u015bcie spektakularnym niebieskiem szlakiem do p\u0142askorze\u017aby Maryi i powr\u00f3t do domu. facebook likes kopen<\/p>\n","protected":false},"author":2,"featured_media":0,"parent":1268,"menu_order":0,"comment_status":"closed","ping_status":"closed","template":"","meta":[],"_links":{"self":[{"href":"http:\/\/formacja.archidiecezja.wroc.pl\/index.php?rest_route=\/wp\/v2\/pages\/1138"}],"collection":[{"href":"http:\/\/formacja.archidiecezja.wroc.pl\/index.php?rest_route=\/wp\/v2\/pages"}],"about":[{"href":"http:\/\/formacja.archidiecezja.wroc.pl\/index.php?rest_route=\/wp\/v2\/types\/page"}],"author":[{"embeddable":true,"href":"http:\/\/formacja.archidiecezja.wroc.pl\/index.php?rest_route=\/wp\/v2\/users\/2"}],"replies":[{"embeddable":true,"href":"http:\/\/formacja.archidiecezja.wroc.pl\/index.php?rest_route=%2Fwp%2Fv2%2Fcomments&post=1138"}],"version-history":[{"count":2,"href":"http:\/\/formacja.archidiecezja.wroc.pl\/index.php?rest_route=\/wp\/v2\/pages\/1138\/revisions"}],"predecessor-version":[{"id":1141,"href":"http:\/\/formacja.archidiecezja.wroc.pl\/index.php?rest_route=\/wp\/v2\/pages\/1138\/revisions\/1141"}],"up":[{"embeddable":true,"href":"http:\/\/formacja.archidiecezja.wroc.pl\/index.php?rest_route=\/wp\/v2\/pages\/1268"}],"wp:attachment":[{"href":"http:\/\/formacja.archidiecezja.wroc.pl\/index.php?rest_route=%2Fwp%2Fv2%2Fmedia&parent=1138"}],"curies":[{"name":"wp","href":"https:\/\/api.w.org\/{rel}","templated":true}]}}