{"id":1263,"date":"2021-01-19T07:30:06","date_gmt":"2021-01-19T06:30:06","guid":{"rendered":"http:\/\/fsk.archidiecezja.wroc.pl\/?page_id=1263"},"modified":"2021-02-04T19:44:21","modified_gmt":"2021-02-04T18:44:21","slug":"spotkania","status":"publish","type":"page","link":"http:\/\/formacja.archidiecezja.wroc.pl\/?page_id=1263","title":{"rendered":"SPOTKANIA"},"content":{"rendered":"\t\t<div data-elementor-type=\"wp-page\" data-elementor-id=\"1263\" class=\"elementor elementor-1263\" data-elementor-settings=\"[]\">\n\t\t\t\t\t\t<div class=\"elementor-inner\">\n\t\t\t\t\t\t\t<div class=\"elementor-section-wrap\">\n\t\t\t\t\t\t\t<section class=\"elementor-section elementor-top-section elementor-element elementor-element-e816641 elementor-section-boxed elementor-section-height-default elementor-section-height-default\" data-id=\"e816641\" data-element_type=\"section\">\n\t\t\t\t\t\t<div class=\"elementor-container elementor-column-gap-default\">\n\t\t\t\t\t\t\t<div class=\"elementor-row\">\n\t\t\t\t\t<div class=\"elementor-column elementor-col-100 elementor-top-column elementor-element elementor-element-76b21a9\" data-id=\"76b21a9\" data-element_type=\"column\">\n\t\t\t<div class=\"elementor-column-wrap elementor-element-populated\">\n\t\t\t\t\t\t\t<div class=\"elementor-widget-wrap\">\n\t\t\t\t\t\t<div class=\"elementor-element elementor-element-4ee4498 elementor-widget elementor-widget-text-editor\" data-id=\"4ee4498\" data-element_type=\"widget\" data-widget_type=\"text-editor.default\">\n\t\t\t\t<div class=\"elementor-widget-container\">\n\t\t\t\t\t\t\t\t<div class=\"elementor-text-editor elementor-clearfix\">\n\t\t\t\t<p><span style=\"font-family: Calibri, sans-serif;\"><span style=\"font-size: medium;\"><i><strong>Unia Apostolska Kleru<\/strong><\/i><\/span><\/span><\/p><p><span style=\"font-family: Times New Roman, serif;\"><span style=\"font-size: medium;\"><span style=\"font-family: Calibri, sans-serif;\">UAK zosta\u0142a za\u0142o\u017cona przez francuskiego ksi\u0119dza Wiktora Emmanuela Lebeurier\u2019a w 1862 roku. Jej celem jest gromadzenie duchownych oraz udzielanie pomocy duchowej kap\u0142anom diecezjalnym w d\u0105\u017ceniu do osobistej \u015bwi\u0119to\u015bci. W Ks. Lebeurier budowanie wsp\u00f3lnoty kap\u0142an\u00f3w i d\u0105\u017cenie do osobistej \u015bwi\u0119to\u015bci opar\u0142 na kulcie Naj\u015bwi\u0119tszego Serca Jezusowego. Charyzmat UAK zawarty jest w sformu\u0142owaniu: <\/span><em><span style=\"font-family: Calibri, sans-serif;\"><i>Omnia pro Sacratissimo Corde Jesu per Immaculatam Mariam.<\/i><\/span><\/em> <\/span><\/span><\/p><p><span style=\"font-family: Calibri, sans-serif;\"><span style=\"font-size: medium;\">Kontakt: Ks. Zdzis\u0142aw Lec, Tel. 696693170, E-mail: z.lec@wp.pl <\/span><\/span><\/p><p><span style=\"font-family: Calibri, sans-serif;\"><span style=\"font-size: medium;\">Program Wieczernika na rok 2021: 8 lutego, 8 marca, 12 kwietnia, 10 maja, 14 czerwca, 11 pa\u017adziernika i 13 grudnia \u2013 od godz. 15 do 17 (adoracja, brewiarz, litania, agapa, wyk\u0142ad), klasztor Zgromadzenia Si\u00f3str Bo\u017cego Serca Jezusa, ul. Kapitulna 4, 50-328 Wroc\u0142aw (obok katedry ).<\/span><\/span><\/p><p><span style=\"font-family: Calibri, sans-serif;\"><span style=\"font-size: medium;\">15\u201318 listopada 2021: Zgromadzenie Krajowe, Pielgrzymka, rekolekcje Kap\u0142an\u00f3w Unionist\u00f3w i Kap\u0142an\u00f3w pragn\u0105cych pozna\u0107 UAK \u2013 Cz\u0119stochowa, Jasna G\u00f3ra. <\/span><\/span><\/p><p><span style=\"font-family: Calibri, sans-serif;\"><span style=\"font-size: medium;\">Wi\u0119cej informacji: <a href=\"http:\/\/www.uak.com.pl\" target=\"_blank\" rel=\"noopener\">www.uak.com.pl<\/a><br \/><\/span><\/span><\/p><p><span style=\"font-family: Times New Roman, serif;\"><span style=\"font-size: medium;\"><strong><span style=\"font-family: Calibri, sans-serif;\"><i>Kr\u0105g kap\u0142a\u0144ski Stowarzyszenia Kap\u0142a\u0144skiego \u015aw. Krzy\u017ca<\/i><\/span><\/strong><span style=\"font-family: Calibri, sans-serif;\"><i><b><br \/><\/b><\/i><\/span><\/span><\/span><\/p><p><span style=\"font-family: Times New Roman, serif;\"><span style=\"font-size: medium;\"><span style=\"font-family: Calibri, sans-serif;\">Spotykamy si\u0119 raz w miesi\u0105cu, zwykle w pierwszy czwartek miesi\u0105ca, aby pog\u0142\u0119bia\u0107 nasze kap\u0142a\u0144skie powo\u0142anie. Pod\u0105\u017camy duchem u\u015bwi\u0119cania si\u0119 w codzienno\u015bci \u015aw. Josemarii Escrivy, za\u0142o\u017cyciela Opus Dei, <\/span><a href=\"http:\/\/www.opusdei.pl\/\"><span style=\"color: #0563c1;\"><span style=\"font-family: Calibri, sans-serif;\"><u>www.opusdei.pl<\/u><\/span><\/span><\/a><span style=\"font-family: Calibri, sans-serif;\">. Zainteresowanych do\u0142\u0105czeniem do kr\u0119gu prosz\u0119 o kontakt: ks.stanislaw.urmanski@gmail.com<\/span><\/span><\/span><\/p><p><span style=\"font-family: Times New Roman, serif;\"><span style=\"font-size: medium;\"><strong><span style=\"font-family: Calibri, sans-serif;\"><i>Stowarzyszenie Aposto\u0142owie Mi\u0142osierdzia<\/i><\/span><\/strong><\/span><\/span><\/p><p><span style=\"font-family: Times New Roman, serif;\"><span style=\"font-size: medium;\"><span style=\"font-family: Calibri, sans-serif;\">Stowarzyszenie gromadzi duchownych i \u015bwieckich, kt\u00f3rzy pragn\u0105 pog\u0142\u0119bia\u0107 do\u015bwiadczenie Bo\u017cego Mi\u0142osierdzia w swej codzienno\u015bci i nim si\u0119 dzieli\u0107. Wi\u0119cej informacji na stronie: <\/span><a href=\"https:\/\/www.apostolowie-milosierdzia.pl\/\"><span style=\"color: #0563c1;\"><span style=\"font-family: Calibri, sans-serif;\"><u>https:\/\/www.apostolowie-milosierdzia.pl\/<\/u><\/span><\/span><\/a><\/span><\/span><\/p>\t\t\t\t\t<\/div>\n\t\t\t\t\t\t<\/div>\n\t\t\t\t<\/div>\n\t\t\t\t\t\t<\/div>\n\t\t\t\t\t<\/div>\n\t\t<\/div>\n\t\t\t\t\t\t\t\t<\/div>\n\t\t\t\t\t<\/div>\n\t\t<\/section>\n\t\t\t\t<section class=\"elementor-section elementor-top-section elementor-element elementor-element-1fa0749d elementor-section-boxed elementor-section-height-default elementor-section-height-default\" data-id=\"1fa0749d\" data-element_type=\"section\">\n\t\t\t\t\t\t<div class=\"elementor-container elementor-column-gap-default\">\n\t\t\t\t\t\t\t<div class=\"elementor-row\">\n\t\t\t\t\t<div class=\"elementor-column elementor-col-100 elementor-top-column elementor-element elementor-element-733f5e1a\" data-id=\"733f5e1a\" data-element_type=\"column\">\n\t\t\t<div class=\"elementor-column-wrap elementor-element-populated\">\n\t\t\t\t\t\t\t<div class=\"elementor-widget-wrap\">\n\t\t\t\t\t\t<div class=\"elementor-element elementor-element-41fee642 elementor-widget elementor-widget-text-editor\" data-id=\"41fee642\" data-element_type=\"widget\" data-widget_type=\"text-editor.default\">\n\t\t\t\t<div class=\"elementor-widget-container\">\n\t\t\t\t\t\t\t\t<div class=\"elementor-text-editor elementor-clearfix\">\n\t\t\t\t<h3 class=\"blog-title\"><a href=\"http:\/\/fsk.archidiecezja.wroc.pl\/?page_id=695\">KAP\u0141A\u0143SKIE SPOTKANIA<\/a><\/h3><h3 class=\"blog-title\">\u00a0<a style=\"background-color: #ffffff;\" href=\"http:\/\/fsk.archidiecezja.wroc.pl\/?page_id=1331\">KONTAKTY DO OS\u00d3B<\/a><\/h3><p>\u00a0<\/p>\t\t\t\t\t<\/div>\n\t\t\t\t\t\t<\/div>\n\t\t\t\t<\/div>\n\t\t\t\t\t\t<\/div>\n\t\t\t\t\t<\/div>\n\t\t<\/div>\n\t\t\t\t\t\t\t\t<\/div>\n\t\t\t\t\t<\/div>\n\t\t<\/section>\n\t\t\t\t\t\t<\/div>\n\t\t\t\t\t\t<\/div>\n\t\t\t\t\t<\/div>\n\t\t","protected":false},"excerpt":{"rendered":"<p>Unia Apostolska Kleru UAK zosta\u0142a za\u0142o\u017cona przez francuskiego ksi\u0119dza Wiktora Emmanuela Lebeurier\u2019a w 1862 roku. Jej celem jest gromadzenie duchownych oraz udzielanie pomocy duchowej kap\u0142anom diecezjalnym w d\u0105\u017ceniu do osobistej \u015bwi\u0119to\u015bci. W Ks. Lebeurier budowanie wsp\u00f3lnoty kap\u0142an\u00f3w i d\u0105\u017cenie do osobistej \u015bwi\u0119to\u015bci opar\u0142 na kulcie Naj\u015bwi\u0119tszego Serca Jezusowego. Charyzmat UAK zawarty jest w sformu\u0142owaniu: Omnia pro Sacratissimo Corde Jesu per [&hellip;]<\/p>\n","protected":false},"author":2,"featured_media":0,"parent":0,"menu_order":0,"comment_status":"closed","ping_status":"closed","template":"","meta":[],"_links":{"self":[{"href":"http:\/\/formacja.archidiecezja.wroc.pl\/index.php?rest_route=\/wp\/v2\/pages\/1263"}],"collection":[{"href":"http:\/\/formacja.archidiecezja.wroc.pl\/index.php?rest_route=\/wp\/v2\/pages"}],"about":[{"href":"http:\/\/formacja.archidiecezja.wroc.pl\/index.php?rest_route=\/wp\/v2\/types\/page"}],"author":[{"embeddable":true,"href":"http:\/\/formacja.archidiecezja.wroc.pl\/index.php?rest_route=\/wp\/v2\/users\/2"}],"replies":[{"embeddable":true,"href":"http:\/\/formacja.archidiecezja.wroc.pl\/index.php?rest_route=%2Fwp%2Fv2%2Fcomments&post=1263"}],"version-history":[{"count":29,"href":"http:\/\/formacja.archidiecezja.wroc.pl\/index.php?rest_route=\/wp\/v2\/pages\/1263\/revisions"}],"predecessor-version":[{"id":1511,"href":"http:\/\/formacja.archidiecezja.wroc.pl\/index.php?rest_route=\/wp\/v2\/pages\/1263\/revisions\/1511"}],"wp:attachment":[{"href":"http:\/\/formacja.archidiecezja.wroc.pl\/index.php?rest_route=%2Fwp%2Fv2%2Fmedia&parent=1263"}],"curies":[{"name":"wp","href":"https:\/\/api.w.org\/{rel}","templated":true}]}}