{"id":1432,"date":"2021-01-29T22:31:48","date_gmt":"2021-01-29T21:31:48","guid":{"rendered":"http:\/\/fsk.archidiecezja.wroc.pl\/?page_id=1432"},"modified":"2026-04-18T12:17:22","modified_gmt":"2026-04-18T10:17:22","slug":"akademia","status":"publish","type":"page","link":"http:\/\/formacja.archidiecezja.wroc.pl\/?page_id=1432","title":{"rendered":"Akademia duchowo\u015bci 2025\/2026"},"content":{"rendered":"\t\t<div data-elementor-type=\"wp-page\" data-elementor-id=\"1432\" class=\"elementor elementor-1432\" data-elementor-settings=\"[]\">\n\t\t\t\t\t\t<div class=\"elementor-inner\">\n\t\t\t\t\t\t\t<div class=\"elementor-section-wrap\">\n\t\t\t\t\t\t\t<section class=\"elementor-section elementor-top-section elementor-element elementor-element-74251f8a elementor-section-boxed elementor-section-height-default elementor-section-height-default\" data-id=\"74251f8a\" data-element_type=\"section\">\n\t\t\t\t\t\t<div class=\"elementor-container elementor-column-gap-default\">\n\t\t\t\t\t\t\t<div class=\"elementor-row\">\n\t\t\t\t\t<div class=\"elementor-column elementor-col-100 elementor-top-column elementor-element elementor-element-3dce8c9c\" data-id=\"3dce8c9c\" data-element_type=\"column\">\n\t\t\t<div class=\"elementor-column-wrap elementor-element-populated\">\n\t\t\t\t\t\t\t<div class=\"elementor-widget-wrap\">\n\t\t\t\t\t\t<div class=\"elementor-element elementor-element-72770b29 elementor-widget elementor-widget-text-editor\" data-id=\"72770b29\" data-element_type=\"widget\" data-widget_type=\"text-editor.default\">\n\t\t\t\t<div class=\"elementor-widget-container\">\n\t\t\t\t\t\t\t\t<div class=\"elementor-text-editor elementor-clearfix\">\n\t\t\t\t<p>W tym roku zapraszamy na Akademi\u0119 Formacji, tym razem po\u015bwi\u0119cona jest ona\u00a0<span style=\"font-family: var( --e-global-typography-text-font-family ), Sans-serif;\">\u00a0<\/span><strong style=\"font-family: var( --e-global-typography-text-font-family ), Sans-serif;\">formacji duchowej<\/strong><span style=\"font-family: var( --e-global-typography-text-font-family ), Sans-serif;\">:<\/span><\/p><ul style=\"list-style-position: outside; list-style-type: disc;\"><li>15 pa\u017adziernika 2025 \u2013 o. Mariusz W\u00f3jtowicz OCD., Mistyka codzienno\u015bci. W kr\u0119gu duchowo\u015bci karmelita\u0144skiej.<\/li><li>24 listopada 2025 \u2013 ks. Grzegorz Strzelczyk, Duchowo\u015b\u0107 kap\u0142ana diecezjalnego.<\/li><li>9 grudnia 2025 \u2013 o. bp Jacek Kici\u0144ski CMF, Duchowo\u015b\u0107 Misji Wsp\u00f3\u0142dzielonej.<\/li><li>16 lutego 2026 \u2013 o. Andrzej Niczypor SJ, W kr\u0119gu duchowo\u015bci \u015bw. Ignacego Loyoli. Strapienie duchowe a depresja. Podobie\u0144stwa, r\u00f3\u017cnice i wskazania pastoralne.<\/li><li>17 marca 2026 \u2013 bp Maciej Ma\u0142yga, Ku Duchowo\u015bci Synodalnej.<\/li><li>21 kwietnia 2026 \u2013 o. Tomasz Grabiec OFMCap., Szko\u0142a wi\u0119zi sakramentalnej.<\/li><li>11 maja 2026 \u2013 ks. Mariusz Szypa, Duchowo\u015b\u0107 liturgiczna.<\/li><li>9 czerwca 2026 \u2013 o. Miros\u0142aw Adaszkiewicz OFMConv, Duchowo\u015b\u0107 maryjna kap\u0142ana na przyk\u0142adzie \u015bw. Maksymiliana Kolbe.<\/li><\/ul><p>Godzina 19:30 &#8211; aula Metropolitalnego Wy\u017cszego Seminarium Duchownego we Wroc\u0142awiu<\/p><p>W cz\u0119\u015bci udzia\u0142 poszczeg\u00f3lnych rocznik\u00f3w ksi\u0119\u017cy b\u0119dzie obowi\u0105zkowy (ksi\u0119\u017ca neoprezbiterzy \u2013 wszystkie 7 spotka\u0144; ksi\u0119\u017ca 2024 \u2013 6; ksi\u0119\u017ca 2021 -2023 \u2013 4; ksi\u0119\u017ca 2013 \u2013 2020 \u2013 1 obowi\u0105zkowe spotkanie; spotkania wybieraj\u0105 roczniki; je\u015bli kto\u015b nie mo\u017ce wzi\u0105\u0107 udzia\u0142u w Akademii wsp\u00f3lnie z rocznikiem, proszony jest o informacj\u0119 na adres formacja.stala@archidiecezja.wroc.pl i o udzia\u0142 w innym spotkaniu).<\/p><p><strong>Oto rzut oka na nasz\u0105 histori\u0119:<\/strong><\/p><p>\u201eAkademia Duchowo\u015bci\u201d (2017\/2018):<\/p><ul><li>bp Jacek Kici\u0144ski CMF, <i>Duchowo\u015b\u0107 kap\u0142a\u0144ska<\/i><i><\/i><\/li><li>ks. Seweryn W\u0105sik SJ, <i>Rachunek sumienia<\/i><i><\/i><\/li><li>ks. \u0141ukasz Darowski SDS, <i>Medytacja S\u0142owa<\/i><i><\/i><\/li><li>ks. Andrzej Muszala, <i>Modlitwa osobista<\/i><i><\/i><\/li><li>br. Adam G\u0119stwa OFMCap., <i>Spowied\u017a<\/i><i><\/i><\/li><li>o. S\u0142awomir Badyna OSB, <i>Cisza<\/i><i><\/i><\/li><li>s. Maria Czepiel CSSE, <i>Maryjno\u015b\u0107<\/i><i><\/i><\/li><\/ul><p>\u00a0<\/p><p>\u201eAkademia Cz\u0142owiecze\u0144stwa\u201d (2018\/2019):<\/p><ul><li>ks. Micha\u0142 Mraczek, <i>Kap\u0142an jako cz\u0142owiek<\/i><i><\/i><\/li><li>ks. Krysztof Dyrek SJ, Cz\u0142owiecze\u0144stwo godne \u015bwi\u0119ce\u0144<\/li><li>p. Katarzyna Poprzeczka, <i>Pojednanie z przesz\u0142o\u015bci\u0105<\/i><i><\/i><\/li><li>p. Jacek Pulikowski, <i>To\u017csamo\u015b\u0107 m\u0119\u017cczyzny<\/i><i><\/i><\/li><li>br. Henryk Cisowski OFMCap., <i>Kleryk\/ksi\u0105dz i \u015bwiat relacji<\/i><i><\/i><\/li><li>p. Jolanta Pr\u00f3chniewicz, Uzdrowienie i wolno\u015b\u0107 \u017cycia seksualnego<\/li><li>p. Bogna Bia\u0142ecka, Kleryk\/ksi\u0105dz w \u015bwiecie medi\u00f3w<\/li><li>p. Agata Rusak, Kleryk\/ksi\u0105dz i kobieta<\/li><\/ul><p>\u00a0<\/p><p>\u201eAkademia Intelektu\u201d (2019\/2020):<\/p><ul><li>bp Andrzej Siemieniewski, Rozum w integralnej formacji do kap\u0142a\u0144stwa<\/li><li>ks. Mariusz Rosik, <i>Biblijne fascynacje<\/i><i><\/i><\/li><li>o. Maciej Zi\u0119ba OP, <i>Pasja do teologii<\/i><i><\/i><\/li><li>p. Jan Miodek, <i>Ksi\u0105dz na ambonie<\/i><i><\/i><\/li><li>ks. Tadeusz Pabjan, <i>Teologia i gwiazdy<\/i><i><\/i><\/li><\/ul><p>\u00a0<\/p><p>&#8222;Akademia Duszpasterstwa&#8221; (2020\/2021):<\/p><ul><li>ks. Krzysztof Marcjanowicz (Papieska rada ds. Nowej Ewangelizacji), Nie czeka\u0107, a\u017c przyjd\u0105. Droga nowej ewangelizacji.<\/li><li>ks. Andrzej Kobyli\u0144ski (UKSW), Wiosna czy zmierzch religii? G\u0142oszenie chrze\u015bcija\u0144skich prawd wiary i moralno\u015bci w kontek\u015bcie wsp\u00f3\u0142czesnych zmian spo\u0142ecznych i kulturowych.<\/li><li>ks. Damian Wy\u017cykiewicz CM (Warszawa), Ostatni dzwonek. Rozmowy o przysz\u0142o\u015bci religii.<\/li><li>Dyskusja panelowa: p. Agnieszka Buga\u0142a, ks. Andrzej Niczypor SJ, p. Andrzej Cwynar, p. Magdalena Krajewska, <i>Znaki czasu w Ko\u015bciele i nasza \u201etw\u00f3rcza odwaga\u201d.\u00a0<\/i><i><\/i><\/li><li>ks. Piotr Wawrzynek, Rzeczywisto\u015b\u0107 parafii. Sztuka duszpasterska w codzienno\u015bci naszej diecezji.<\/li><li>ks. Antonio Panaro (Redemptoris Mater, Warszawa), Wyzwania bierzmowania (wsp\u00f3lnoty Postcresima).<\/li><li>Ksi\u0119\u017ca jednoroczni, \u015awiadectwa po roku kap\u0142a\u0144stwa.<\/li><\/ul><p>\u00a0<\/p><p>&#8222;Akademia Duszpasterstwa&#8221; (2021\/2022):<\/p><ul><li>ks. Miros\u0142aw Mali\u0144ski (Wroc\u0142aw): Temperament a realizacja powo\u0142ania. Jak ksi\u0105dz choleryk\/flegmatyk\/sangwinik\/melancholik mo\u017ce sta\u0107 si\u0119 \u015bwi\u0119tym.<\/li><li>p. Ewa Kusz (Katowice): Dojrza\u0142e cz\u0142owiecze\u0144stwo ksi\u0119dza. Bo dobre owoce przynoszone s\u0105 przez dobre drzewo.<\/li><li>p. Agnieszka Janiak (Wroc\u0142aw): &#8222;Burn-out&#8221; nie w naszym zawodzie? Jak si\u0119 pali\u0107 i nie spali\u0107. Tym bardziej, \u017ce nasz wiek emerytalny to 75 lat.<\/li><li>p. Monika Przybysz (Warszawa): Ksi\u0105dz w sieci czy w sieciach. \u0141owi\u0105cy ludzi czy sam z\u0142owiony. Rybak czy ryba.<\/li><li>p. Micha\u0142 Piekara (Krak\u00f3w): Droga m\u0119\u017cczyzny. Parafrazuj\u0105c znane s\u0142owa z Biblii: M\u0119\u017cczyzn\u0119 dzielnego kt\u00f3\u017c znajdzie.<\/li><li>ks. Marek Dziewiecki (Lublin): \u015awiat naszych relacji. Ja, ty, on, ona, ono, my, wy, oni, one. I co si\u0119 za tym kryje.<\/li><li>o. Adam \u017bak SJ (Krak\u00f3w): Wolno\u015b\u0107 kap\u0142ana. \u201eWy, zatem, bracia, powo\u0142ani zostali\u015bcie do wolno\u015bci\u201d (Ga 5,13).<\/li><\/ul><p>\u00a0<\/p><p>&#8222;Akademia Duchowo\u015bci&#8221; (2022\/2023):<\/p><p>Po\u015bwi\u0119cona \u017cyciu duchowemu. G\u0142\u00f3wnym pytaniem b\u0119dzie to, czego my, ksi\u0119\u017ca diecezjalni, mo\u017cemy uczy\u0107 si\u0119 od wielkich szk\u00f3\u0142 duchowo\u015bci zakonnej. Od Ojc\u00f3w Pustyni do wielkich mistyczek.<\/p><ul><li>ks. Grzegorz Strzelczyk<\/li><li>o. Mariusz W\u00f3jtowicz OCD<\/li><li>s. Dolores Zok SSpS, s. Maria D\u0105br\u00f3wka Augustyn Am<\/li><li>s. Klara Witkowska CSDC<\/li><li>Ma\u0142e Siostry Jezusa<\/li><li>o. Wojciech J\u0119drzejewski OP<\/li><li>o. bp Jacek Kici\u0144ski CMF<\/li><\/ul><p>\u00a0<\/p><p>&#8222;Akademia Cz\u0142owiecze\u0144stwa&#8221; (2023\/2024):<\/p><ul><li>p. Adriana Kwiatkowska:\u00a0Zabierz i porzu\u0107 siebie. O dojrza\u0142ym cz\u0142owiecze\u0144stwie ksi\u0119dza.<\/li><li>p. Wojciech Szlagura:\u00a0Jak radzi\u0107 sobie ze stresem i wypaleniem zawodowym?<\/li><li>p. Grzegorz Dzwonkowski:\u00a0Sposoby rozwi\u0105zywania konflikt\u00f3w &#8211; mediacje.<\/li><li>bp Maciej Ma\u0142yga:\u00a0<i>Wolnym by\u0107.<\/i><i><\/i><\/li><li>o. Andrzej Niczypor SJ:\u00a0Rola kierownictwa duchowego w kszta\u0142towaniu dojrza\u0142ego cz\u0142owiecze\u0144stwa.<\/li><li>ks. Rafa\u0142 Kowalski:\u00a0Jak by\u0107 szcz\u0119\u015bliwym ksi\u0119dzem, czyli dlaczego zrzuci\u0142em 50 kg?<\/li><li>s. Maria Czepiel CSSE:\u00a0B\u00f3g, kr\u00f3lewna i ksi\u0119\u017cniczki. Czego oczekuj\u0105 kobiety od kap\u0142ana?\u00a0<\/li><\/ul><p>\u00a0<\/p><p>&#8222;Akademia Duszpasterstwa&#8221; (2024\/2025):<\/p><ul><li>15 pa\u017adziernika 2024 \u2013 o. Krzysztof Andryszkiewicz OFMCap.,\u00a0Umocnienie wiary par niesakramentalnych w kontek\u015bcie chrztu dzieci<\/li><li>14 listopada 2024 \u2013 o. Fabian Kaltbach OFM,\u00a0<i>Kierownictwo duchowe<\/i><i><\/i><\/li><li>9 grudnia 2024 \u2013 o. Tomasz Grabiec OFMCap.,\u00a0<i>Duszpasterstwo rodzin<\/i><i><\/i><\/li><li>19 lutego 2025 \u2013 ks. Tomasz Filinowicz,\u00a0p. Dorota B\u0142a\u017cewicz, dr\u00a0\u00a0Agnieszka Jalowska,\u00a0Towarzyszenie umieraj\u0105cemu dziecku i jego rodzinie. Hospicjum dla Dzieci Dolnego \u015al\u0105ska \u201eFormu\u0142a Dobra\u201d<\/li><li>17 marca 2025\u00a0\u2013 ks. Mariusz Rosik,<i>\u00a0Biblijne fascynacje<\/i><i><\/i><\/li><li>12 maja 2025 \u2013 ks. Mariusz Szypa,\u00a0<i>Ars celebrandi<\/i><i><\/i><\/li><li>10 czerwca 2025\u00a0\u2013\u00a0p. Bartosz \u017bmuda,<i>\u00a0Problemy parafialnych zabytk\u00f3w\u00a0<\/i><i><\/i><\/li><\/ul>\t\t\t\t\t<\/div>\n\t\t\t\t\t\t<\/div>\n\t\t\t\t<\/div>\n\t\t\t\t\t\t<\/div>\n\t\t\t\t\t<\/div>\n\t\t<\/div>\n\t\t\t\t\t\t\t\t<\/div>\n\t\t\t\t\t<\/div>\n\t\t<\/section>\n\t\t\t\t\t\t<\/div>\n\t\t\t\t\t\t<\/div>\n\t\t\t\t\t<\/div>\n\t\t","protected":false},"excerpt":{"rendered":"<p>W tym roku zapraszamy na Akademi\u0119 Formacji, tym razem po\u015bwi\u0119cona jest ona\u00a0\u00a0formacji duchowej: 15 pa\u017adziernika 2025 \u2013 o. Mariusz W\u00f3jtowicz OCD., Mistyka codzienno\u015bci. W kr\u0119gu duchowo\u015bci karmelita\u0144skiej. 24 listopada 2025 \u2013 ks. Grzegorz Strzelczyk, Duchowo\u015b\u0107 kap\u0142ana diecezjalnego. 9 grudnia 2025 \u2013 o. bp Jacek Kici\u0144ski CMF, Duchowo\u015b\u0107 Misji Wsp\u00f3\u0142dzielonej. 16 lutego 2026 \u2013 o. Andrzej Niczypor SJ, W kr\u0119gu duchowo\u015bci [&hellip;]<\/p>\n","protected":false},"author":2,"featured_media":2351,"parent":0,"menu_order":0,"comment_status":"closed","ping_status":"closed","template":"","meta":[],"_links":{"self":[{"href":"http:\/\/formacja.archidiecezja.wroc.pl\/index.php?rest_route=\/wp\/v2\/pages\/1432"}],"collection":[{"href":"http:\/\/formacja.archidiecezja.wroc.pl\/index.php?rest_route=\/wp\/v2\/pages"}],"about":[{"href":"http:\/\/formacja.archidiecezja.wroc.pl\/index.php?rest_route=\/wp\/v2\/types\/page"}],"author":[{"embeddable":true,"href":"http:\/\/formacja.archidiecezja.wroc.pl\/index.php?rest_route=\/wp\/v2\/users\/2"}],"replies":[{"embeddable":true,"href":"http:\/\/formacja.archidiecezja.wroc.pl\/index.php?rest_route=%2Fwp%2Fv2%2Fcomments&post=1432"}],"version-history":[{"count":107,"href":"http:\/\/formacja.archidiecezja.wroc.pl\/index.php?rest_route=\/wp\/v2\/pages\/1432\/revisions"}],"predecessor-version":[{"id":2709,"href":"http:\/\/formacja.archidiecezja.wroc.pl\/index.php?rest_route=\/wp\/v2\/pages\/1432\/revisions\/2709"}],"wp:featuredmedia":[{"embeddable":true,"href":"http:\/\/formacja.archidiecezja.wroc.pl\/index.php?rest_route=\/wp\/v2\/media\/2351"}],"wp:attachment":[{"href":"http:\/\/formacja.archidiecezja.wroc.pl\/index.php?rest_route=%2Fwp%2Fv2%2Fmedia&parent=1432"}],"curies":[{"name":"wp","href":"https:\/\/api.w.org\/{rel}","templated":true}]}}