{"id":695,"date":"2020-05-11T10:38:59","date_gmt":"2020-05-11T08:38:59","guid":{"rendered":"http:\/\/fsk.archidiecezja.wroc.pl\/?page_id=695"},"modified":"2026-03-18T07:48:58","modified_gmt":"2026-03-18T06:48:58","slug":"kaplanskie-spotkania-i-wspolnoty","status":"publish","type":"page","link":"http:\/\/formacja.archidiecezja.wroc.pl\/?page_id=695","title":{"rendered":"Kap\u0142a\u0144skie spotkania i wsp\u00f3lnoty"},"content":{"rendered":"\t\t<div data-elementor-type=\"wp-page\" data-elementor-id=\"695\" class=\"elementor elementor-695\" data-elementor-settings=\"[]\">\n\t\t\t\t\t\t<div class=\"elementor-inner\">\n\t\t\t\t\t\t\t<div class=\"elementor-section-wrap\">\n\t\t\t\t\t\t\t<section class=\"elementor-section elementor-top-section elementor-element elementor-element-6f8d4b8e elementor-section-boxed elementor-section-height-default elementor-section-height-default\" data-id=\"6f8d4b8e\" data-element_type=\"section\">\n\t\t\t\t\t\t<div class=\"elementor-container elementor-column-gap-default\">\n\t\t\t\t\t\t\t<div class=\"elementor-row\">\n\t\t\t\t\t<div class=\"elementor-column elementor-col-100 elementor-top-column elementor-element elementor-element-7e4afe92\" data-id=\"7e4afe92\" data-element_type=\"column\">\n\t\t\t<div class=\"elementor-column-wrap elementor-element-populated\">\n\t\t\t\t\t\t\t<div class=\"elementor-widget-wrap\">\n\t\t\t\t\t\t<div class=\"elementor-element elementor-element-6153805e elementor-widget elementor-widget-text-editor\" data-id=\"6153805e\" data-element_type=\"widget\" data-widget_type=\"text-editor.default\">\n\t\t\t\t<div class=\"elementor-widget-container\">\n\t\t\t\t\t\t\t\t<div class=\"elementor-text-editor elementor-clearfix\">\n\t\t\t\t<p>\u00a0<\/p>\n<p><!-- wp:gallery {\"ids\":[859]} --><\/p>\n<figure class=\"wp-block-gallery columns-1 is-cropped\">\n<figure><i style=\"font-size: medium; font-family: Calibri, sans-serif;\"><strong>Unia Apostolska Kleru<\/strong><\/i><\/figure>\n<\/figure>\n<p><span style=\"font-size: medium;\"><span style=\"font-family: Calibri, sans-serif;\">UAK zosta\u0142a za\u0142o\u017cona przez francuskiego ksi\u0119dza Wiktora Emmanuela Lebeurier\u2019a w 1862 roku. Jej celem jest gromadzenie duchownych oraz udzielanie pomocy duchowej kap\u0142anom diecezjalnym w d\u0105\u017ceniu do osobistej \u015bwi\u0119to\u015bci. Ksi\u0105dz Lebeurier budowanie wsp\u00f3lnoty kap\u0142an\u00f3w i d\u0105\u017cenie do osobistej \u015bwi\u0119to\u015bci opar\u0142 na kulcie Naj\u015bwi\u0119tszego Serca Jezusowego. Charyzmat UAK zawarty jest w sformu\u0142owaniu: <\/span><em><span style=\"font-family: Calibri, sans-serif;\"><i>Omnia pro Sacratissimo Corde Jesu per Immaculatam Mariam.<\/i><\/span><\/em> <\/span><\/p>\n<p><span style=\"font-family: Calibri, sans-serif;\">Kontakt: Ks. Zdzis\u0142aw Lec, Tel. 696 693 170, E-mail: z.lec@wp.pl<\/span><\/p>\n<p><span style=\"font-family: Times New Roman, serif;\"><span style=\"font-size: medium;\"><strong><span style=\"font-family: Calibri, sans-serif;\"><i>Kr\u0105g kap\u0142a\u0144ski Stowarzyszenia Kap\u0142a\u0144skiego \u015aw. Krzy\u017ca<\/i><\/span><\/strong><\/span><\/span><\/p>\n<p><span style=\"font-family: Times New Roman, serif;\"><span style=\"font-size: medium;\"><span style=\"font-family: Calibri, sans-serif;\">Spotykamy si\u0119 raz w miesi\u0105cu, zwykle w pierwszy czwartek miesi\u0105ca, aby pog\u0142\u0119bia\u0107 nasze kap\u0142a\u0144skie powo\u0142anie. Pod\u0105\u017camy duchem u\u015bwi\u0119cania si\u0119 w codzienno\u015bci \u015aw. Josemarii Escrivy, za\u0142o\u017cyciela Opus Dei, <\/span><a href=\"http:\/\/www.opusdei.pl\/\"><span style=\"color: #0563c1;\"><span style=\"font-family: Calibri, sans-serif;\"><u>www.opusdei.pl<\/u><\/span><\/span><\/a><span style=\"font-family: Calibri, sans-serif;\">.\u00a0<\/span><\/span><\/span><span style=\"font-family: var( --e-global-typography-text-font-family ), Sans-serif;\">\u00a0<\/span><\/p>\n<p><span style=\"font-family: Times New Roman, serif;\"><span style=\"font-size: medium;\"><strong><span style=\"font-family: Calibri, sans-serif;\"><i>Stowarzyszenie Aposto\u0142owie Mi\u0142osierdzia<\/i><\/span><\/strong><\/span><\/span><\/p>\n<p><span style=\"font-family: Times New Roman, serif;\"><span style=\"font-size: medium;\"><span style=\"font-family: Calibri, sans-serif;\">Stowarzyszenie gromadzi duchownych i \u015bwieckich, kt\u00f3rzy pragn\u0105 pog\u0142\u0119bia\u0107 do\u015bwiadczenie Bo\u017cego Mi\u0142osierdzia w swej codzienno\u015bci i nim si\u0119 dzieli\u0107. Wi\u0119cej informacji na stronie: <\/span><a href=\"https:\/\/www.apostolowie-milosierdzia.pl\/\"><span style=\"color: #0563c1;\"><span style=\"font-family: Calibri, sans-serif;\"><u>https:\/\/www.apostolowie-milosierdzia.pl\/<\/u><\/span><\/span><\/a><\/span><\/span><\/p>\n<p><!--EndFragment--><\/p>\n<p><a href=\"https:\/\/followerde.com\/instagram-likes-kaufen\/\" rel=\"sponsored\">instagram likes kaufen<\/a><\/p>\t\t\t\t\t<\/div>\n\t\t\t\t\t\t<\/div>\n\t\t\t\t<\/div>\n\t\t\t\t\t\t<\/div>\n\t\t\t\t\t<\/div>\n\t\t<\/div>\n\t\t\t\t\t\t\t\t<\/div>\n\t\t\t\t\t<\/div>\n\t\t<\/section>\n\t\t\t\t\t\t<\/div>\n\t\t\t\t\t\t<\/div>\n\t\t\t\t\t<\/div>\n\t\t","protected":false},"excerpt":{"rendered":"<p>\u00a0<\/p>\n","protected":false},"author":2,"featured_media":0,"parent":1263,"menu_order":0,"comment_status":"closed","ping_status":"closed","template":"","meta":[],"_links":{"self":[{"href":"http:\/\/formacja.archidiecezja.wroc.pl\/index.php?rest_route=\/wp\/v2\/pages\/695"}],"collection":[{"href":"http:\/\/formacja.archidiecezja.wroc.pl\/index.php?rest_route=\/wp\/v2\/pages"}],"about":[{"href":"http:\/\/formacja.archidiecezja.wroc.pl\/index.php?rest_route=\/wp\/v2\/types\/page"}],"author":[{"embeddable":true,"href":"http:\/\/formacja.archidiecezja.wroc.pl\/index.php?rest_route=\/wp\/v2\/users\/2"}],"replies":[{"embeddable":true,"href":"http:\/\/formacja.archidiecezja.wroc.pl\/index.php?rest_route=%2Fwp%2Fv2%2Fcomments&post=695"}],"version-history":[{"count":41,"href":"http:\/\/formacja.archidiecezja.wroc.pl\/index.php?rest_route=\/wp\/v2\/pages\/695\/revisions"}],"predecessor-version":[{"id":2686,"href":"http:\/\/formacja.archidiecezja.wroc.pl\/index.php?rest_route=\/wp\/v2\/pages\/695\/revisions\/2686"}],"up":[{"embeddable":true,"href":"http:\/\/formacja.archidiecezja.wroc.pl\/index.php?rest_route=\/wp\/v2\/pages\/1263"}],"wp:attachment":[{"href":"http:\/\/formacja.archidiecezja.wroc.pl\/index.php?rest_route=%2Fwp%2Fv2%2Fmedia&parent=695"}],"curies":[{"name":"wp","href":"https:\/\/api.w.org\/{rel}","templated":true}]}}