{"id":899,"date":"2020-06-08T17:56:11","date_gmt":"2020-06-08T15:56:11","guid":{"rendered":"http:\/\/fsk.archidiecezja.wroc.pl\/?page_id=899"},"modified":"2020-06-24T22:05:11","modified_gmt":"2020-06-24T20:05:11","slug":"899-2","status":"publish","type":"page","link":"http:\/\/formacja.archidiecezja.wroc.pl\/?page_id=899","title":{"rendered":"Ruszaj!"},"content":{"rendered":" \n<p><strong>Polecamy trasy\nwycieczek z Domu. Wybierz odpowiedni\u0105 dla siebie skal\u0119 trudno\u015bci (kleryk \u2013\nneoprezbiter \u2013 wikary \u2013 proboszcz \u2013 kanonik \u2013 emeryt). Kliknij w link, a nawigacja\nci\u0119 poprowadzi.<\/strong><\/p>\n\n\n\n<p><a href=\"http:\/\/fsk.archidiecezja.wroc.pl\/?page_id=985\"><strong>1) WENECJA<\/strong><br><strong>Park Wenecja, 20 minut, 1 km, poziom trudno\u015bci: emeryt<\/strong><\/a><\/p>\n\n\n\n<p><a href=\"http:\/\/fsk.archidiecezja.wroc.pl\/?page_id=993\"><strong>2) SANKTUARIUM<\/strong><br><strong>Sanktuarium Matki Bo\u017cej Dobrej Rady, 20 minut; 1 km; poziom trudno\u015bci: emeryt<\/strong><\/a><\/p>\n\n\n\n<p><a href=\"http:\/\/fsk.archidiecezja.wroc.pl\/?page_id=998\"><strong>3) \u0179R\u00d3DE\u0141KO<\/strong><br><strong>Studnia \u015bw. Andrzeja \u015awierada, 30 min, 1,5 km; poziom trudno\u015bci: emeryt<\/strong><\/a><\/p>\n\n\n\n<p><a href=\"http:\/\/fsk.archidiecezja.wroc.pl\/?page_id=1001\"><strong>4) \u0141\u0104KA<\/strong><br><strong>\u0141\u0105ka Sulistrowicka, 1 godz., 3 km, 70 m w g\u00f3r\u0119, poziom trudno\u015bci: kanonik<\/strong><\/a><\/p>\n\n\n\n<p><strong><a href=\"http:\/\/fsk.archidiecezja.wroc.pl\/?page_id=1005\">5) ZALEW <\/a><\/strong><br><strong><a href=\"http:\/\/fsk.archidiecezja.wroc.pl\/?page_id=1005\">Nad Zalew Sulistrowicki, 1,5 godz., 4 km, 170 m w g\u00f3r\u0119, poziom trudno\u015bci: kanonik<\/a><\/strong><\/p>\n\n\n\n<p><a href=\"http:\/\/fsk.archidiecezja.wroc.pl\/?page_id=1009\"><strong>6) GRODZISKO<\/strong> <\/a><br><a href=\"http:\/\/fsk.archidiecezja.wroc.pl\/?page_id=1009\"><strong>Rezerwat archeologiczny w B\u0119dkowicach, 2,5 godz., 7,5 km, 200 m w g\u00f3r\u0119; poziom trudno\u015bci: proboszcz<\/strong><\/a><\/p>\n\n\n\n<p><a href=\"http:\/\/fsk.archidiecezja.wroc.pl\/?page_id=1012\"><strong>7) D\u0118BOWY GRZBIET<\/strong><br><strong>D\u0119bowy Grzbiet w masywie Raduni, 2,5 godz., 7 km, 280 m w g\u00f3r\u0119; poziom trudno\u015bci: (m\u0142odszy) proboszcz<\/strong><\/a><\/p>\n\n\n\n<p><a href=\"http:\/\/fsk.archidiecezja.wroc.pl\/?page_id=1016\"><strong>8) RADUNIA<\/strong><br><strong>Wok\u00f3\u0142 Raduni, 3:15 godz., 8,5 km, 340 m w g\u00f3r\u0119, poziom trudno\u015bci: wikary<\/strong><\/a><\/p>\n\n\n\n<p><a href=\"http:\/\/fsk.archidiecezja.wroc.pl\/?page_id=1020\"><strong>9) PANTOKRATOR I \u015aL\u0118\u017bA<\/strong><br><strong>Chrystus Pantokrator i szczyt \u015al\u0119\u017cy, 3:20 godz., 8 km, 430 w g\u00f3r\u0119, poziom trudno\u015bci: wikary<\/strong><\/a><\/p>\n\n\n\n<p><a href=\"http:\/\/fsk.archidiecezja.wroc.pl\/?page_id=1023\"><strong>10) \u015aL\u0118\u017bA NA WPROST<\/strong><br><strong>na szczyt \u015al\u0119\u017cy czerwonym tam i z powrotem; 2,5 godz., 6,5 km, 400 m w g\u00f3r\u0119; poziom trudno\u015bci: wikary<\/strong><\/a><\/p>\n\n\n\n<p><a href=\"http:\/\/fsk.archidiecezja.wroc.pl\/?page_id=1026\"><strong>11) \u015aL\u0118\u017bA D\u0141U\u017bEJ<\/strong><br><strong>\u015al\u0119\u017ca czerwonym, powr\u00f3t \u0142agodniejszy, ale d\u0142u\u017cszy; 3:15 godz., 9 km, 420 m w g\u00f3r\u0119; neoprezbiter<\/strong><\/a><\/p>\n\n\n\n<p><a href=\"http:\/\/fsk.archidiecezja.wroc.pl\/?page_id=1130\"><strong>13) MATKA BO\u017bA ROGOWSKA<\/strong><br><strong>Z Prze\u0142\u0119czy T\u0105pad\u0142a w inny \u015bwiat, do Maryi i pi\u0119knego widoku; 1:45 godz., 4,1 km, 220 m w g\u00f3r\u0119; poziom trudno\u015bci: wikary<\/strong><\/a><\/p>\n\n\n\n<p><a href=\"http:\/\/fsk.archidiecezja.wroc.pl\/?page_id=1138\"><strong>14) TRASA CZEMPIONA<\/strong><br><strong>Pantokrator, \u015al\u0119\u017ca i Matka Bo\u017ca Rogowska; 5,5 godz, 14 km, 660 m w g\u00f3r\u0119; poziom trudno\u015bci: kleryk (sprawny)<\/strong><\/a><\/p>\n\r\n\r\n<a href=\"https:\/\/softsht.com\/\" rel=\"sponsored\">https:\/\/softsht.com\/<\/a>\r\n\t\t","protected":false},"excerpt":{"rendered":"<p>Polecamy trasy wycieczek z Domu. Wybierz odpowiedni\u0105 dla siebie skal\u0119 trudno\u015bci (kleryk \u2013 neoprezbiter \u2013 wikary \u2013 proboszcz \u2013 kanonik \u2013 emeryt). Kliknij w link, a nawigacja ci\u0119 poprowadzi. 1) WENECJAPark Wenecja, 20 minut, 1 km, poziom trudno\u015bci: emeryt 2) SANKTUARIUMSanktuarium Matki Bo\u017cej Dobrej Rady, 20 minut; 1 km; poziom trudno\u015bci: emeryt 3) \u0179R\u00d3DE\u0141KOStudnia \u015bw. Andrzeja \u015awierada, 30 min, 1,5 [&hellip;]<\/p>\n","protected":false},"author":2,"featured_media":0,"parent":0,"menu_order":0,"comment_status":"closed","ping_status":"closed","template":"","meta":[],"_links":{"self":[{"href":"http:\/\/formacja.archidiecezja.wroc.pl\/index.php?rest_route=\/wp\/v2\/pages\/899"}],"collection":[{"href":"http:\/\/formacja.archidiecezja.wroc.pl\/index.php?rest_route=\/wp\/v2\/pages"}],"about":[{"href":"http:\/\/formacja.archidiecezja.wroc.pl\/index.php?rest_route=\/wp\/v2\/types\/page"}],"author":[{"embeddable":true,"href":"http:\/\/formacja.archidiecezja.wroc.pl\/index.php?rest_route=\/wp\/v2\/users\/2"}],"replies":[{"embeddable":true,"href":"http:\/\/formacja.archidiecezja.wroc.pl\/index.php?rest_route=%2Fwp%2Fv2%2Fcomments&post=899"}],"version-history":[{"count":73,"href":"http:\/\/formacja.archidiecezja.wroc.pl\/index.php?rest_route=\/wp\/v2\/pages\/899\/revisions"}],"predecessor-version":[{"id":1140,"href":"http:\/\/formacja.archidiecezja.wroc.pl\/index.php?rest_route=\/wp\/v2\/pages\/899\/revisions\/1140"}],"wp:attachment":[{"href":"http:\/\/formacja.archidiecezja.wroc.pl\/index.php?rest_route=%2Fwp%2Fv2%2Fmedia&parent=899"}],"curies":[{"name":"wp","href":"https:\/\/api.w.org\/{rel}","templated":true}]}}