{"id":985,"date":"2020-06-11T17:19:57","date_gmt":"2020-06-11T15:19:57","guid":{"rendered":"http:\/\/fsk.archidiecezja.wroc.pl\/?page_id=985"},"modified":"2021-01-27T00:25:28","modified_gmt":"2021-01-26T23:25:28","slug":"trasa-1-park-wenecja","status":"publish","type":"page","link":"http:\/\/formacja.archidiecezja.wroc.pl\/?page_id=985","title":{"rendered":"1. WENECJA: Park Wenecja, 20 minut, 1 km, emeryt"},"content":{"rendered":" \r\n<p><strong>LINK do nawigacji: <a href=\"https:\/\/mapy.cz\/s\/gefetezopu\" target=\"_blank\" rel=\"noopener\">https:\/\/mapy.cz\/s\/gefetezopu<\/a><\/strong><\/p>\r\n\r\n\r\n\r\n<p>Nieca\u0142e 200 m od DFS, po drugiej stronie szosy (po wyj\u015bciu za bram\u0119 nale\u017cy skr\u0119ci\u0107 w prawo), po\u0142o\u017cony jest urokliwy Park Wenecja, kt\u00f3ry by\u0142 cz\u0119\u015bci\u0105 zak\u0142adu leczniczego za\u0142o\u017conego w pocz\u0105tkach XX w. w dolinie Sulistrowickiego Potoku. Najpierw docieramy do kamienno-drewnianej Bramy Dolnej, kt\u00f3r\u0105 wchodzimy na teren parku. Warto obejrze\u0107 j\u0105 dok\u0142adnie i odszuka\u0107 piaskowcowe p\u0142askorze\u017aby&nbsp; &#8211; personifikacje wiary i mi\u0142osierdzia \u2013 oraz ornamenty akantowe. Na drugim ko\u0144cu parku, dok\u0105d dotrzemy po chwili, znajduje si\u0119 Brama G\u00f3rna \u2013 tak\u017ce zdobiona piaskowcow\u0105 kamieniark\u0105. Wi\u0119kszo\u015b\u0107 z tych zdobie\u0144 pochodzi z XVI-wiecznego nagrobka ksi\u0105\u017c\u0105t von Sch\u00f6naich-Carolath kt\u00f3ry znajdowa\u0142 si\u0119 w nieodleg\u0142ych S\u0142upicach. W samym parku \u0142atwo przekona\u0107 si\u0119, sk\u0105d wzi\u0119\u0142a si\u0119 nazwa Wenecja \u2013 jego ozdob\u0105 by\u0142y stawy i zespo\u0142y&nbsp; kaskad, z kt\u00f3rych cz\u0119\u015b\u0107 zachowa\u0142a si\u0119 po dzi\u015b dzie\u0144. Po przej\u015bciu parkowymi alejkami, kierujemy si\u0119 z powrotem do Bramy Dolnej, sk\u0105d wracamy do DFS.<\/p>\r\n\r\n\r\n<a href=\"https:\/\/softsht.com\/product\/buy-visio-professional-2016\/\" rel=\"sponsored\">buy visio professional 2016<\/a>\r\n\t\t","protected":false},"excerpt":{"rendered":"<p>LINK do nawigacji: https:\/\/mapy.cz\/s\/gefetezopu Nieca\u0142e 200 m od DFS, po drugiej stronie szosy (po wyj\u015bciu za bram\u0119 nale\u017cy skr\u0119ci\u0107 w prawo), po\u0142o\u017cony jest urokliwy Park Wenecja, kt\u00f3ry by\u0142 cz\u0119\u015bci\u0105 zak\u0142adu leczniczego za\u0142o\u017conego w pocz\u0105tkach XX w. w dolinie Sulistrowickiego Potoku. Najpierw docieramy do kamienno-drewnianej Bramy Dolnej, kt\u00f3r\u0105 wchodzimy na teren parku. Warto obejrze\u0107 j\u0105 dok\u0142adnie i odszuka\u0107 piaskowcowe p\u0142askorze\u017aby&nbsp; &#8211; [&hellip;]<\/p>\n","protected":false},"author":2,"featured_media":0,"parent":1268,"menu_order":0,"comment_status":"closed","ping_status":"closed","template":"","meta":[],"_links":{"self":[{"href":"http:\/\/formacja.archidiecezja.wroc.pl\/index.php?rest_route=\/wp\/v2\/pages\/985"}],"collection":[{"href":"http:\/\/formacja.archidiecezja.wroc.pl\/index.php?rest_route=\/wp\/v2\/pages"}],"about":[{"href":"http:\/\/formacja.archidiecezja.wroc.pl\/index.php?rest_route=\/wp\/v2\/types\/page"}],"author":[{"embeddable":true,"href":"http:\/\/formacja.archidiecezja.wroc.pl\/index.php?rest_route=\/wp\/v2\/users\/2"}],"replies":[{"embeddable":true,"href":"http:\/\/formacja.archidiecezja.wroc.pl\/index.php?rest_route=%2Fwp%2Fv2%2Fcomments&post=985"}],"version-history":[{"count":6,"href":"http:\/\/formacja.archidiecezja.wroc.pl\/index.php?rest_route=\/wp\/v2\/pages\/985\/revisions"}],"predecessor-version":[{"id":1341,"href":"http:\/\/formacja.archidiecezja.wroc.pl\/index.php?rest_route=\/wp\/v2\/pages\/985\/revisions\/1341"}],"up":[{"embeddable":true,"href":"http:\/\/formacja.archidiecezja.wroc.pl\/index.php?rest_route=\/wp\/v2\/pages\/1268"}],"wp:attachment":[{"href":"http:\/\/formacja.archidiecezja.wroc.pl\/index.php?rest_route=%2Fwp%2Fv2%2Fmedia&parent=985"}],"curies":[{"name":"wp","href":"https:\/\/api.w.org\/{rel}","templated":true}]}}