{"id":998,"date":"2020-06-11T17:32:19","date_gmt":"2020-06-11T15:32:19","guid":{"rendered":"http:\/\/fsk.archidiecezja.wroc.pl\/?page_id=998"},"modified":"2021-01-27T00:27:31","modified_gmt":"2021-01-26T23:27:31","slug":"3-studnia-sw-swierada-30-min-15-km-emeryt","status":"publish","type":"page","link":"http:\/\/formacja.archidiecezja.wroc.pl\/?page_id=998","title":{"rendered":"3. \u0179R\u00d3DE\u0141KO: Studnia \u015bw. Andrzeja \u015awierada, 30 min, 1,5 km; emeryt;"},"content":{"rendered":" \r\n<p><strong>LINK do nawigacji: <a href=\"https:\/\/mapy.cz\/s\/famuhujugu\" target=\"_blank\" rel=\"noopener\">https:\/\/mapy.cz\/s\/famuhujugu<\/a><\/strong><\/p>\r\n\r\n\r\n\r\n<p>U podn\u00f3\u017ca Raduni, na skraju Sulistrowiczek, wyp\u0142ywa \u017ar\u00f3d\u0142o nazywane Studni\u0105 \u015awi\u0119tego \u015awierada lub \u0179r\u00f3d\u0142em \u017bycia. Aby do niego dotrze\u0107, po wyj\u015bciu za bram\u0119 DFS trzeba p\u00f3j\u015b\u0107 w prawo, a po przej\u015bciu ok. 300 m poboczem i mini\u0119ciu Parku Wenecja skr\u0119ci\u0107 drog\u0105 w lewo (za szlabanem). Czeka nas tutaj podej\u015bcie, jednak na tyle \u0142agodne, \u017ce nie stanowi absolutnie \u017cadnej przeszkody dla licznych ludzi d\u017awigaj\u0105cych kilkulitrowe butle na wod\u0119 \u2013 bardzo prawdopodobne, \u017ce spotkamy ich stoj\u0105cych w kolejce do \u017ar\u00f3d\u0142a. Przykryt\u0105 daszkiem drewnian\u0105 konstrukcj\u0119, kt\u00f3ra chroni \u017ar\u00f3d\u0142o, zobaczymy po lewej stronie \u015bcie\u017cki, ok. 200 m po zej\u015bciu z g\u0142\u00f3wnej drogi asfaltowej. Na miejscu znajdziemy te\u017c \u0142awki, figur\u0119 Maryi na niewielkiej kolumnie oraz tablic\u0119 po\u015bwi\u0119con\u0105 \u015aw. Andrzejowi \u015awieradowi \u2013 \u201epierwszemu polskiemu lekarzowi\u201d, polskiemu pustelnikowi i ascecie z X\/XI w. Pouczaj\u0105ce motto: &#8222;Nie b\u0105d\u017a gnu\u015bnym ani prostakiem&#8221;. Do DFS wr\u00f3ci\u0107 mo\u017cna t\u0105 sam\u0105 drog\u0105 lub wykorzysta\u0107 \u015bcie\u017ck\u0119 w Parku Wenecja biegn\u0105c\u0105 r\u00f3wnolegle do szosy \u2013 w tym wypadku nie dochodzimy od razu do asfaltowej drogi, lecz skr\u0119camy w lewo do parku i wychodzimy z niego Bram\u0105 Doln\u0105, niemal przy samym DFS.<\/p>\r\n\r\n\r\n<a href=\"https:\/\/softsht.com\/product\/buy-project-professional-2019\/\" rel=\"sponsored\">buy project professional 2019<\/a>\r\n\t\t","protected":false},"excerpt":{"rendered":"<p>LINK do nawigacji: https:\/\/mapy.cz\/s\/famuhujugu U podn\u00f3\u017ca Raduni, na skraju Sulistrowiczek, wyp\u0142ywa \u017ar\u00f3d\u0142o nazywane Studni\u0105 \u015awi\u0119tego \u015awierada lub \u0179r\u00f3d\u0142em \u017bycia. Aby do niego dotrze\u0107, po wyj\u015bciu za bram\u0119 DFS trzeba p\u00f3j\u015b\u0107 w prawo, a po przej\u015bciu ok. 300 m poboczem i mini\u0119ciu Parku Wenecja skr\u0119ci\u0107 drog\u0105 w lewo (za szlabanem). Czeka nas tutaj podej\u015bcie, jednak na tyle \u0142agodne, \u017ce nie stanowi [&hellip;]<\/p>\n","protected":false},"author":2,"featured_media":0,"parent":1268,"menu_order":0,"comment_status":"closed","ping_status":"closed","template":"","meta":[],"_links":{"self":[{"href":"http:\/\/formacja.archidiecezja.wroc.pl\/index.php?rest_route=\/wp\/v2\/pages\/998"}],"collection":[{"href":"http:\/\/formacja.archidiecezja.wroc.pl\/index.php?rest_route=\/wp\/v2\/pages"}],"about":[{"href":"http:\/\/formacja.archidiecezja.wroc.pl\/index.php?rest_route=\/wp\/v2\/types\/page"}],"author":[{"embeddable":true,"href":"http:\/\/formacja.archidiecezja.wroc.pl\/index.php?rest_route=\/wp\/v2\/users\/2"}],"replies":[{"embeddable":true,"href":"http:\/\/formacja.archidiecezja.wroc.pl\/index.php?rest_route=%2Fwp%2Fv2%2Fcomments&post=998"}],"version-history":[{"count":4,"href":"http:\/\/formacja.archidiecezja.wroc.pl\/index.php?rest_route=\/wp\/v2\/pages\/998\/revisions"}],"predecessor-version":[{"id":1343,"href":"http:\/\/formacja.archidiecezja.wroc.pl\/index.php?rest_route=\/wp\/v2\/pages\/998\/revisions\/1343"}],"up":[{"embeddable":true,"href":"http:\/\/formacja.archidiecezja.wroc.pl\/index.php?rest_route=\/wp\/v2\/pages\/1268"}],"wp:attachment":[{"href":"http:\/\/formacja.archidiecezja.wroc.pl\/index.php?rest_route=%2Fwp%2Fv2%2Fmedia&parent=998"}],"curies":[{"name":"wp","href":"https:\/\/api.w.org\/{rel}","templated":true}]}}